{"id":1705,"date":"2019-09-18T13:53:09","date_gmt":"2019-09-18T13:53:09","guid":{"rendered":"https:\/\/www.lacittadeibambini.org\/?page_id=1705"},"modified":"2025-11-06T16:50:35","modified_gmt":"2025-11-06T16:50:35","slug":"chi-siamo","status":"publish","type":"page","link":"https:\/\/lacittadeibambini.eu\/en\/chi-siamo\/","title":{"rendered":"Chi siamo"},"content":{"rendered":"\n<h1>\n\t\t\tChi siamo\t<\/h1>\n\t<p>L&#8217;<a href=\"https:\/\/www.istc.cnr.it\/\" target=\"_blank\" rel=\"noopener\"><strong>Istituto di Scienze e Tecnologie della Cognizione <\/strong><\/a><strong>\u00a0<\/strong>del Consiglio Nazionale delle Ricerche (CNR) ha costituito nel 1996 il <strong>gruppo di ricerca<\/strong> &#8220;La citt\u00e0 dei bambini&#8221; per il supporto e il coordinamento delle citt\u00e0 che aderiscono al <a href=\"https:\/\/lacittadeibambini.eu\/progetto\/\"><strong>progetto internazionale<\/strong><\/a>.<\/p>\n<p>\u00c8 nato cos\u00ec il <strong>Laboratorio internazionale &#8220;La citt\u00e0 dei bambini&#8221;<\/strong>, che oltre all&#8217;attivit\u00e0 di ricerca promuove il progetto agli amministratori delle citt\u00e0, si occupa della formazione degli operatori e coordina le reti locali che si sono costituite in questi anni.<\/p>\n<p>Attualmente il Laboratorio internazionale \u00e8 costituto da Francesco Tonucci, Daniela Renzi, Lorena Morachimo e Marica Notte.<\/p>\n<p>Nel corso degli anni il Laboratorio internazionale si \u00e8 arricchito della partecipazione di tesisti, tirocinanti, assegnisti di ricerca e collaboratori.<\/p>\n<p>Attualmente fanno parte del gruppo di ricerca: Chiara Belingardi, urbanista, esperta di progettazione partecipata con i bambini ed Emilia De Nardis, esperta sul tema della partecipazione infantile al governo della citt\u00e0.<\/p>\n<h3>\n\t\t\tFrancesco Tonucci\t<\/h3>\n\t<img loading=\"lazy\" decoding=\"async\" src=\"https:\/\/i0.wp.com\/lacittadeibambini.eu\/wp-content\/uploads\/2025\/02\/Tonucci-150x150-1-150x150.jpg?resize=150%2C150&#038;ssl=1\" alt=\"\" width=\"150\" height=\"150\" data-recalc-dims=\"1\" \/>Pedagogista, ideatore del progetto internazionale &#8220;La citt\u00e0 dei bambini&#8221;, \u00e8 ricercatore del CNR dal 1966. Difensore instancabile della Convenzione ONU per i diritti dei bambini. La sua visione educativa e le sue proposte per promuovere la partecipazione dei bambini e il diritto al gioco, sono conosciute sia in Italia che in Spagna, Portogallo, Francia e in America Latina.<br \/>\nHa ricevuto 6 dottorati honoris causa da Universit\u00e0 spagnole e latinoamericane e anche il premio Unicef 2019. E&#8217; autore di numerose pubblicazioni, molte della quali sono state tradotte in diverse lingue. Con lo pseudonimo di FRATO firma vignette satiriche sui temi\u00a0 dell&#8217;educazione, la citt\u00e0, i bambini e il gioco che accompagnano la riflessione dei docenti e gli attori coinvolti nel progetto &#8220;La citt\u00e0 dei bambini&#8221;.\n<h3>\n\t\t\tDaniela Renzi\t<\/h3>\n\t<p><img loading=\"lazy\" decoding=\"async\" src=\"https:\/\/i1.wp.com\/lacittadeibambini.eu\/wp-content\/uploads\/2025\/02\/Renzi-150x150-1-150x150.jpg?resize=150%2C150&#038;ssl=1\" alt=\"\" width=\"150\" height=\"150\" data-recalc-dims=\"1\" \/>Psicologa e Psicoterapeuta della famiglia, dal 2003 fa parte del gruppo di ricerca del progetto internazionale &#8220;La citt\u00e0 dei bambini&#8221; del Laboratorio di Psicologia della Partecipazione Infantile dell&#8217;ISTC-CNR. E&#8217; la Responsabile scientifica dei progetti di ricerca che il Laboratorio realizza in collaborazione con altri Enti e Istituzioni ed \u00e8 la referente del progetto per l&#8217;ISTC-CNR. All&#8217; attivit\u00e0 di promozione e realizzazione del progetto affianca quella della gestione, della formazione professionale e della ricerca scientifica. In particolare si occupa di studiare gli effetti delle attivit\u00e0 promosse dal progetto (Autonomia di spostamento e Partecipazione) sui bambini e sui vari attori sociali coinvolti, al fine di valutare l&#8217;impatto del progetto sui bambini e la comunit\u00e0 e la sua capacit\u00e0 di produrre cambiamenti concreti.<\/p>\n<h3>\n\t\t\tLorena Morachimo\t<\/h3>\n\t<p><img loading=\"lazy\" decoding=\"async\" src=\"https:\/\/i1.wp.com\/lacittadeibambini.eu\/wp-content\/uploads\/2025\/02\/Morachimo-150x150-1-150x150.png?resize=150%2C150&#038;ssl=1\" alt=\"\" width=\"150\" height=\"150\" data-recalc-dims=\"1\" \/>Educatrice esperta in educazione infantile ed educazione ambientale. Ha lavorato nel campo della formazione dei docenti e dell&#8217;educazione allo sviluppo presso la &#8220;Pontificia Universidad Cat\u00f3lica del Per\u00fa&#8221;. Nel 2003 porta il progetto &#8220;La Citt\u00e0 dei Bambini&#8221; in Per\u00f9.Nel laboratorio si occupa del coordinamento della Rete latinoamericana e della Rete spagnola offrendo sostegno alle citt\u00e0 nell&#8217;implementazione del progetto.<\/p>\n<h3>\n\t\t\tMarica Notte\t<\/h3>\n\t<p><img loading=\"lazy\" decoding=\"async\" src=\"https:\/\/i1.wp.com\/lacittadeibambini.eu\/wp-content\/uploads\/2024\/06\/Marica_Notte.jpg?resize=150%2C150&#038;ssl=1\" alt=\"\" width=\"150\" height=\"150\" data-recalc-dims=\"1\" \/>Laureata in Filosofia alla Sapienza di Roma, dal 2020 lavora al progetto internazionale &#8220;La citt\u00e0 dei bambini&#8221; presso il Laboratorio di Psicologia della Partecipazione Infantile dell&#8217;ISTC- CNR. Attualmente ricopre il ruolo di Assegnista di ricerca e di Referente delle Rete Italia, cio\u00e8 supporta le citt\u00e0 aderenti al progetto nell&#8217;implementazione delle esperienze. Per approfondire i temi e i prodotti della ricerca: <a href=\"https:\/\/www.istc.cnr.it\/it\/user\/12817\">https:\/\/www.istc.cnr.it\/it\/user\/12817.<\/a><\/p>\n\n\n","protected":false},"excerpt":{"rendered":"<p>Chi siamo L&#8217;Istituto di Scienze e Tecnologie della Cognizione \u00a0del Consiglio Nazionale delle Ricerche (CNR) ha costituito nel 1996 il gruppo di ricerca &#8220;La citt\u00e0&hellip;<\/p>\n","protected":false},"author":6,"featured_media":0,"parent":0,"menu_order":0,"comment_status":"closed","ping_status":"closed","template":"","meta":{"spay_email":"","footnotes":""},"class_list":["post-1705","page","type-page","status-publish","hentry"],"jetpack_sharing_enabled":true,"jetpack_shortlink":"https:\/\/wp.me\/P9FMIQ-rv","_links":{"self":[{"href":"https:\/\/lacittadeibambini.eu\/en\/wp-json\/wp\/v2\/pages\/1705","targetHints":{"allow":["GET"]}}],"collection":[{"href":"https:\/\/lacittadeibambini.eu\/en\/wp-json\/wp\/v2\/pages"}],"about":[{"href":"https:\/\/lacittadeibambini.eu\/en\/wp-json\/wp\/v2\/types\/page"}],"author":[{"embeddable":true,"href":"https:\/\/lacittadeibambini.eu\/en\/wp-json\/wp\/v2\/users\/6"}],"replies":[{"embeddable":true,"href":"https:\/\/lacittadeibambini.eu\/en\/wp-json\/wp\/v2\/comments?post=1705"}],"version-history":[{"count":15,"href":"https:\/\/lacittadeibambini.eu\/en\/wp-json\/wp\/v2\/pages\/1705\/revisions"}],"predecessor-version":[{"id":5869,"href":"https:\/\/lacittadeibambini.eu\/en\/wp-json\/wp\/v2\/pages\/1705\/revisions\/5869"}],"wp:attachment":[{"href":"https:\/\/lacittadeibambini.eu\/en\/wp-json\/wp\/v2\/media?parent=1705"}],"curies":[{"name":"wp","href":"https:\/\/api.w.org\/{rel}","templated":true}]}}