{"id":76,"date":"2017-10-24T07:41:34","date_gmt":"2017-10-24T07:41:34","guid":{"rendered":"http:\/\/www.lacittadeibambini.org\/?page_id=76"},"modified":"2025-10-06T23:45:23","modified_gmt":"2025-10-06T23:45:23","slug":"autonomia","status":"publish","type":"page","link":"https:\/\/lacittadeibambini.eu\/en\/autonomia\/","title":{"rendered":"Autonomia"},"content":{"rendered":"\n<h1>\n\t\t\tAutonomia di Movimento: una necessit\u00e0 per i bambini, una risorsa per la citt\u00e0\t<\/h1>\n\t<p>L&#8217;<strong>autonomia<\/strong> <strong>di movimento<\/strong> \u00e8 uno degli obiettivi principali del <strong><a href=\"https:\/\/lacittadeibambini.eu\/progetto\/\">Progetto<\/a> \u00abLa citt\u00e0 dei bambini\u00bb<\/strong>,\u00a0ovvero permettere ai bambini e alle bambine di vivere la citt\u00e0 con la maggiore libert\u00e0 possibile: uscire di casa senza essere accompagnati, incontrare gli amici e giocare negli spazi pubblici della citt\u00e0.<\/p>\n<p>Ma perch\u00e9 \u00e8 cos\u00ec importante ridare al bambino la possibilit\u00e0 di muoversi autonomamente?<\/p>\n<p>Prima di tutto per gli effetti sulla loro salute fisica e psicologica: uno stile di vita attivo aiuta a prevenire sovrappeso e obesit\u00e0, contribuisce ad un sano sviluppo dell&#8217;apparato muscolo scheletrico e del sistema cardiovascolare e riduce la probabilit\u00e0 di sviluppare alcune gravi malattie (diabete di tipo II, tumore al colon, infarto e osteoporosi).\u00a0 Inoltre, la possibilit\u00e0 di vivere esperienze di autonomia nello spazio pubblico \u00a0incide su relazioni di vicinato pi\u00f9 intense, su un pi\u00f9 forte senso di comunit\u00e0 e sullo sviluppo delle competenze evolutive.<\/p>\n<p>La ragione principale che impedisce ai bambini di uscire di casa \u00e8 la <strong>pericolosit\u00e0 della strada<\/strong>. La paura del traffico e degli incidenti automobilistici viene indicata come la causa principale che ostacola la concessione di autonomia, ma quello che ha inciso maggiormente sul crollo della mobilit\u00e0 autonoma sono le paure sociali e la interpretazione del ruolo genitoriale.<\/p>\n<p>Oggi il genitore ritiene suo dovere accompagnare sempre i figli, vigilarli e tutelarli, anche a costo di una onerosa organizzazione familiare, questo espone i genitori a pericolosi errori educativi e i figli a rischiose carenze evolutive; non avendo la possibilit\u00e0 di vivere esperienze reali di autonomia i bambini non acquisiscono le regole relazionali e gli strumenti cognitivi che permettono loro di gestire le relazioni con i loro pari e di affrontare le situazioni reali.<\/p>\n<p>Negare ai bambini e alle bambine l&#8217;autonomia non \u00e8 tuttavia solo un danno per la loro <strong>formazione<\/strong>, \u00e8 anche un <strong>danno<\/strong> <strong>sociale<\/strong>: la presenza di bambini nelle strade le rende pi\u00f9 frequentate, aumenta il controllo comune, intensifica scambi, relazioni e tessuto sociale e quindi aumenta la sicurezza.<\/p>\n<h2>\n\t\t\t10 Ragioni per promuovere l&#8217;autonomia di movimento dei bambini e delle bambine\t<\/h2>\n\t<ol>\n<li>i bambini e le bambine che si muovono da soli a piedi sono generalmente <strong>pi\u00f9 sani<\/strong> dal punto di vista fisico, perch\u00e9 fanno movimento;<\/li>\n<li>i bambini e le bambine che vanno a scuola da soli a piedi mostrano <strong>maggiore capacit\u00e0 di concentrazione<\/strong> durante le lezioni;<\/li>\n<li>i bambini e le bambine che si muovono da soli a piedi sviluppano una <strong>migliore conoscenza ambientale<\/strong>, capacit\u00e0 di orientamento e capacit\u00e0 di sistematizzazione delle conoscenze (mappe mentali);<\/li>\n<li>i bambini e le bambine che si muovono da soli a piedi sviluppano un <strong>pi\u00f9 alto grado di socialit\u00e0<\/strong> e riducono il rischio di solitudine e isolamento;<\/li>\n<li>i bambini e le bambine che si muovono da soli a piedi acquisiscono una <strong>maggiore capacit\u00e0 di problem solving<\/strong>, cio\u00e8 di &#8220;cavarsela&#8221; nelle situazioni di difficolt\u00e0 o incertezza;<\/li>\n<li>i bambini e le bambine che si muovono da soli a piedi sviluppano <strong>un maggiore senso di responsabilit\u00e0<\/strong> e sicurezza perch\u00e9 godono della fiducia di chi gli sta intorno;<\/li>\n<li>i bambini e le bambine che possono passare il proprio tempo libero giocando in maniera autonoma con i loro amici e amiche sviluppano <strong>maggiore capacit\u00e0 di autorganizzazione<\/strong>, <strong>maggiore creativit\u00e0<\/strong>, capacit\u00e0 di pensare e realizzare progetti;<\/li>\n<li>la diminuzione degli accompagnamenti di bambini e bambine in auto comporta la <strong>diminuzione del traffico veicolare<\/strong> generale, degli incidenti stradali, in particolare nei dintorni delle scuole,<strong> e dell&#8217;inquinamento atmosferico<\/strong>;<\/li>\n<li>le strade frequentate da bambini e bambine che si muovono a piedi diventano <strong>strade pi\u00f9 sicure e piacevoli<\/strong> da percorrere. Con l&#8217;aumento dei pedoni aumenta la percezione della sicurezza, la solidariet\u00e0 sociale e diminuisce il rischio di fare brutti incontri;<\/li>\n<li>i genitori e gli altri adulti di riferimento normalmente utilizzano una buona parte della giornata per accompagnare\/ritirare\/aspettare i bambini e le bambine durante le loro attivit\u00e0. <strong>Tempo<\/strong> che invece potrebbe essere impiegato pi\u00f9 proficuamente <strong>per momenti di qualit\u00e0 da trascorrere insieme.<\/strong><\/li>\n<\/ol>\n<h3>\n\t\t\tConcretamente\t<\/h3>\n\t<p>Rispetto all&#8217;autonomia di spostamento, il Laboratorio Internazionale &#8220;La citt\u00e0 dei Bambini&#8221; propone alcune <strong>azioni <\/strong>per cambiare la citt\u00e0:<\/p>\n<p>\u2192\u00a0<strong><a href=\"https:\/\/lacittadeibambini.eu\/autonomia\/a-scuola-ci-andiamo-da-soli-3\/\" rel=\"attachment wp-att-626\">A scuola ci andiamo da soli<\/a><\/strong><\/p>\n<p>\u2192 <a href=\"https:\/\/lacittadeibambini.eu\/pedoni\/\"><strong>Prima i pedoni!<\/strong><\/a><\/p>\n<p><strong>Indagine su come i bambini vanno a scuola da soli<\/strong><\/p>\nPer misurare il livello di autonomia di spostamento dei bambini, prima dell&#8217;inizio dell&#8217;esperienza &#8220;A scuola ci andiamo da soli&#8221;, il nostro gruppo di ricerca ha messo a punto\u00a0 un\u00a0 questionario che indaga il livello di mobilit\u00e0 autonoma sia nel percorso casa &#8211; scuola che nei percorsi extrascolastici.<br \/>\nIl questionario da somministrare all&#8217;inizio dell&#8217;esperienza prende il nome di\u00a0<strong>Questionario Pre Test <\/strong>ed \u00e8 rivolto ai bambini e ai loro rispettivi genitori.\u00a0 Alla fine del primo anno di sperimentazione e alla fine di ognuno dei successivi anni, si procede alla somministrazione di un\u00a0<strong>Questionario Post Test (sempre per bambini e genitori),<\/strong>\u00a0che dar\u00e0 la misura dell&#8217;andamento dell&#8217;autonomia di spostamento e dell&#8217;efficacia della esperienza proposta.\nLe citt\u00e0 che avviano l&#8217;esperienza &#8220;A scuola ci andiamo da soli&#8221; possono richiedere i questionari scrivendo una mail a <strong><a href=\"mailto:citta.bambini@istc.cnr.it\" target=\"_blank\" rel=\"noopener\">citta.bambini@istc.cnr.it<\/a><\/strong>\u00a0oppure compilando il form presente nella sezione <strong><a href=\"https:\/\/lacittadeibambini.eu\/contatti\/\" target=\"_blank\" rel=\"noopener\">contatti<\/a><\/strong>.<br \/>\nInoltre sono disponibili le istruzioni per la corretta somministrazione e compilazione dei questionari.\n<p>&nbsp;<\/p>\n<p>&nbsp;<\/p>\n<p>&nbsp;<\/p>\n<h3>\n\t\t\tApprofondimenti\t<\/h3>\n\t<p>\u2192 <strong><a href=\"https:\/\/lacittadeibambini.eu\/uscita-autonoma-dei-minori-di-14-anni-da-scuola-pubblicata-la-nota-del-miur\/\" target=\"_blank\" rel=\"noopener\">Uscita autonoma dei minori di 14 anni da scuola: pubblicata la nota del MIUR<\/a><\/strong><\/p>\n<p>\u2192<strong><a href=\"https:\/\/lacittadeibambini.eu\/wp-content\/uploads\/2025\/06\/PRESENTAZIONE-INDAGINE-USCITA-AUTONOMA-PER-CNR-DEF.pdf\" target=\"_blank\" rel=\"noopener\">Indagine relativa all&#8217;applicazione delle legge sull&#8217;uscita autonoma da scuola<\/a><\/strong><\/p>\n<p>\u2192 <strong><a href=\"https:\/\/www.istat.it\/it\/archivio\/202802\" target=\"_blank\" rel=\"noopener\">Dati Istat (2017)-Incidenti stradali in Italia<\/a><\/strong><\/p>\n<p>\u2192 <strong><a href=\"https:\/\/www.istat.it\/it\/archivio\/203475\" target=\"_blank\" rel=\"noopener\">Dati Istat (2017) &#8211; Vanno a scuola da soli <\/a><\/strong><\/p>\n<p><strong>\u2192 <a href=\"https:\/\/lacittadeibambini.eu\/wp-content\/uploads\/2020\/10\/Dati-Istat-2018-Mobilita\u0300.pdf\">Dati Istat (2018) &#8211; Mobilita\u0300<\/a><\/strong><\/p>\n<p>\u2192 <strong><a href=\"http:\/\/www.epicentro.iss.it\/okkioallasalute\/dati2016.asp\" target=\"_blank\" rel=\"noopener\">Dati Okkio alla salute (2016)<\/a><\/strong><\/p>\n<p>\u2192 <a href=\"https:\/\/www.epicentro.iss.it\/okkioallasalute\/2019\" target=\"_blank\" rel=\"noopener\"><strong>Dati Okkio alla salute (2019)<\/strong><\/a><\/p>\n<p>\u2192 <a href=\"https:\/\/www.who.int\/dietphysicalactivity\/childhood\/en\/\" target=\"_blank\" rel=\"noopener\"><strong>Organizzazione Mondiale della Sanit\u00e0 &#8211; Dati obesit\u00e0 infantile<\/strong><\/a><\/p>\n<p>\u2192<a href=\"http:\/\/zeroseiup.eu\/prodotto\/a-scuola-ci-andiamo-da-soli-lautonomia-di-movimento-dei-bambini\/\" target=\"_blank\" rel=\"noopener\">\u00a0<strong>Manuale &#8220;A scuola ci andiamo da soli&#8221;<\/strong><\/a><\/p>\n<p>\u2192 <strong><a href=\"https:\/\/lacittadeibambini.eu\/manuale-metodologico-campagna-pedoni\/\">Manuale &#8220;Prima i pedoni!&#8221;<\/a><\/strong><\/p>\n<p>\u2192 <a href=\"https:\/\/www.cnr.it\/it\/evento\/14298\/autonomia-e-salute-l-autonomia-di-movimento-delle-bambine-e-dei-bambini-una-necessita-per-loro-una-risorsa-per-la-scuola-e-per-la-citta\"><strong>Convegno:<\/strong> <b>Autonomia \u00e8 salute<\/b><\/a><\/p>\n<p><strong><a href=\"https:\/\/lacittadeibambini.eu\/wp-content\/uploads\/2020\/10\/VicHealth-2015.pdf\">\u2192 VicHealth (2015)<\/a><\/strong><\/p>\n<p>\u2192 <strong><a href=\"https:\/\/lacittadeibambini.eu\/wp-content\/uploads\/2020\/10\/Health-et-a-Glance-2018pdf.pdf\">Health et a Glance (2018)<\/a><\/strong><\/p>\n<p>\u2192 <a href=\"https:\/\/lacittadeibambini.eu\/wp-content\/uploads\/2020\/10\/Atlas-of-Childhood-Obesity-2019.pdf\"><strong>Atlas of Childhood Obesity (2019)<\/strong><\/a><\/p>\n<p>\u2192 <strong><a href=\"https:\/\/lacittadeibambini.eu\/qualita-dellambiente-urbano-xiii-rapporto\/\">XIII Rapporto sulla Qualit\u00e0 dell&#8217;ambiente urbano<\/a><\/strong><\/p>\n<p>\u2192 <a href=\"https:\/\/lacittadeibambini.eu\/rapporto-mobilitaria-2018-elaborato-kyoto-club-cnr-iia\/\"><strong>Rapporto Mobilitaria 2018 elaborato da Kyoto Club e CNR IIA<\/strong><\/a><\/p>\n<p>\u2192 <a href=\"https:\/\/lacittadeibambini.eu\/childrens-independent-mobility-a-comparative-study-in-england-and-germany-1971%e2%80%902010\/\"><strong>Children&#8217;s independent mobility: a comparative study in England and Germany (1971\u20102010)<\/strong><\/a><\/p>\n<p>\u2192 <a href=\"https:\/\/lacittadeibambini.eu\/childrens-independent-mobility-an-international-comparison-and-recommendations-for-action\/\"><strong>Children&#8217;s Independent Mobility: an international comparison and recommendations for action<\/strong><\/a><\/p>\n<p>&nbsp;<\/p>\n<h3>\n\t\t\tArticoli sul tema dell&#8217;Autonomia\t<\/h3>\n\t\t\t<a href=\"\/category\/autonomia\/\" target=\"_self\" rel=\"noopener\">\n\t\t\t\t\t\t\tArchivio di tutti gli articoli sull&#8217;Autonomia\n\t\t\t\t\t<\/a>\n\n","protected":false},"excerpt":{"rendered":"<p>Autonomia di Movimento: una necessit\u00e0 per i bambini, una risorsa per la citt\u00e0 L&#8217;autonomia di movimento \u00e8 uno degli obiettivi principali del Progetto \u00abLa citt\u00e0&hellip;<\/p>\n","protected":false},"author":3,"featured_media":0,"parent":0,"menu_order":0,"comment_status":"closed","ping_status":"closed","template":"","meta":{"spay_email":"","footnotes":""},"class_list":["post-76","page","type-page","status-publish","hentry"],"jetpack_sharing_enabled":true,"jetpack_shortlink":"https:\/\/wp.me\/P9FMIQ-1e","_links":{"self":[{"href":"https:\/\/lacittadeibambini.eu\/en\/wp-json\/wp\/v2\/pages\/76","targetHints":{"allow":["GET"]}}],"collection":[{"href":"https:\/\/lacittadeibambini.eu\/en\/wp-json\/wp\/v2\/pages"}],"about":[{"href":"https:\/\/lacittadeibambini.eu\/en\/wp-json\/wp\/v2\/types\/page"}],"author":[{"embeddable":true,"href":"https:\/\/lacittadeibambini.eu\/en\/wp-json\/wp\/v2\/users\/3"}],"replies":[{"embeddable":true,"href":"https:\/\/lacittadeibambini.eu\/en\/wp-json\/wp\/v2\/comments?post=76"}],"version-history":[{"count":15,"href":"https:\/\/lacittadeibambini.eu\/en\/wp-json\/wp\/v2\/pages\/76\/revisions"}],"predecessor-version":[{"id":5638,"href":"https:\/\/lacittadeibambini.eu\/en\/wp-json\/wp\/v2\/pages\/76\/revisions\/5638"}],"wp:attachment":[{"href":"https:\/\/lacittadeibambini.eu\/en\/wp-json\/wp\/v2\/media?parent=76"}],"curies":[{"name":"wp","href":"https:\/\/api.w.org\/{rel}","templated":true}]}}