{"id":78,"date":"2017-10-24T07:42:00","date_gmt":"2017-10-24T07:42:00","guid":{"rendered":"http:\/\/www.lacittadeibambini.org\/?page_id=78"},"modified":"2025-10-06T23:46:15","modified_gmt":"2025-10-06T23:46:15","slug":"partecipazione","status":"publish","type":"page","link":"https:\/\/lacittadeibambini.eu\/en\/partecipazione\/","title":{"rendered":"Partecipazione"},"content":{"rendered":"\n<h1>\n\t\t\tLa partecipazione\t<\/h1>\n\t<p>Perch\u00e9 far partecipare i bambini? Sono tante le ricadute positive del <strong>coinvolgimento dei bambini e delle bambine<\/strong> al governo e alla progettazione delle citt\u00e0. Partecipare d\u00e0 la possibilit\u00e0 di diventare <strong>soggetti<\/strong> <strong>attivi<\/strong>, esprimendo direttamente bisogni e desideri. Roger Hart, esperto di diritti dell&#8217;infanzia, nell&#8217;opera <a href=\"https:\/\/lacittadeibambini.eu\/wp-content\/uploads\/2024\/07\/HART-Roger.-childrens_participation.pdf\" target=\"_blank\" rel=\"noopener\"><em><strong>Children&#8217;s participation<\/strong><\/em><\/a> racconta come la partecipazione alla vita della citt\u00e0 sia un <strong>momento educativo <\/strong>fondamentale per i bambini.<\/p>\n<p>Ma la partecipazione dei bambini \u00e8 una lezione anche per gli <strong>adulti<\/strong>, che ascoltando le opinioni dei pi\u00f9 piccoli possono imparare a considerarli non pi\u00f9 &#8220;cittadini del futuro&#8221;, bens\u00ec <strong>soggetti politici del presente<\/strong>, in grado di influenzare e migliorare la realt\u00e0 che ci circonda.<\/p>\n<h2>\n\t\t\tIl punto di vista dei bambini\t<\/h2>\n\t<p>I bambini e le bambine, quando sono interpellati, esprimono un punto di vista diverso da quello degli adulti su come dovrebbe essere il luogo in cui viviamo. \u00c8 proprio questo sguardo differente la chiave per &#8220;salvare&#8221; le nostre citt\u00e0 &#8211; ma servono alcune <strong>azioni<\/strong> <strong>concrete<\/strong>:<\/p>\n<ul>\n<li><strong>Coinvolgere <em>davvero<\/em><\/strong>: per essere efficace la partecipazione dev&#8217;essere reale, con <strong>obiettivi<\/strong> <strong>specifici<\/strong> definiti insieme ai bambini all&#8217;inizio del processo partecipativo.<\/li>\n<li><strong>Puntare a realizzare qualcosa<\/strong>: le esigenze espresse dai bambini devono essere calate nel &#8220;<strong>qui e ora<\/strong>&#8220;, assumendo impegni reali come ristrutturare uno spazio pubblico o cercare di risolvere i problemi della mobilit\u00e0 pedonale in un&#8217;area specifica.<\/li>\n<li><strong>Imparare ad ascoltare<\/strong>: gli adulti che partecipano al processo devono avere il pi\u00f9 possibile un <strong>ruolo di supporto e non di guida<\/strong>, rendendo i bambini autonomi in tutte le fasi del processo.<\/li>\n<\/ul>\n<p>Qual \u00e8 dunque il <strong>valore concreto <\/strong>di questo progetto? Ecco 3 buoni motivi per favorire la partecipazione dei bambini e delle bambine alla vita della citt\u00e0.<\/p>\n\n<p><strong><em>Educazione<\/em><\/strong><\/p>\n<p>Partecipare ha un forte valore educativo perch\u00e9 rende <strong>parte di una comunit\u00e0<\/strong>, con cui i bambini possono condividere responsabilit\u00e0 e diritti. E cos\u00ec la citt\u00e0 diventa la &#8220;loro&#8221; citt\u00e0, grazie allo sviluppo di un forte <strong>senso<\/strong> <strong>civico<\/strong> fin dai primi anni di scuola. Non mancano le <strong>ricadute<\/strong> <strong>sociali<\/strong> di questo processo educativo: attraverso i bambini e le bambine il coinvolgimento arriva alle <strong>famiglie<\/strong>, che assumeranno atteggiamenti nuovi per sostenere i loro figli e le loro figlie.<\/p>\n\n<p><strong><em>Democrazia<\/em><\/strong><\/p>\n<p>La partecipazione dei bambini \u00e8 una condizione necessaria a una progettazione piu\u0300 democratica, perche\u0301 piu\u0300 ampia e completa. La principale motivazione del coinvolgimento dei piu\u0300 piccoli e\u0300 legata al contributo che i bambini possono dare alla citta\u0300. Uno dei limiti piu\u0300 gravi nello sviluppo recente delle citta\u0300 e\u0300 che e\u0300 avvenuto tenendo in considerazione quasi esclusivamente i bisogni del cittadino adulto e produttivo. \u00c8 stato invece dedicato uno scarso interesse agli <strong>spazi pubblici di incontro e di gioco<\/strong> e alla <strong>mobilita\u0300 pedonale all&#8217;interno dei quartieri<\/strong>. Coinvolgere i bambini e le bambine significa ribaltare questa prospettiva, dando voce a chi non \u00e8 stato tenuto in conto nella progettazione delle citt\u00e0, nella convinzione che essi rappresentino le esigenze di altre categorie di cittadini: gli anziani e le persone con disabilit\u00e0.<\/p>\n\n<p><strong><em>Creativit\u00e0<\/em><\/strong><\/p>\n<p>Per favorire lo sviluppo urbano servono idee creative e spesso sono proprio i bambini i principali innovatori. I pi\u00f9 piccoli, se ascoltati, non sono soltanto capaci di esprimere i propri bisogni, ma anche di elaborare proposte concrete su come soddisfarli. Le loro idee non sempre sono immediatamente realizzabili, ma sono spesso creative e innovative. Ecco perch\u00e9\u00a0 una citta\u0300 che vuole realmente intraprendere un percorso di cambiamento ha bisogno del <strong>contributo concreto dei bambini<\/strong>.<\/p>\n<h3>\n\t\t\tConcretamente\t<\/h3>\n\t<p>\u2192\u00a0<strong><a href=\"https:\/\/lacittadeibambini.eu\/wp-content\/uploads\/2024\/06\/Documento-di-Passignano.pdf\" target=\"_blank\" rel=\"attachment noopener wp-att-648\">Il Consiglio dei bambini<\/a><\/strong><\/p>\n<p>\u2192 <strong><a href=\"https:\/\/lacittadeibambini.eu\/wp-content\/uploads\/2024\/06\/Documento-di-Passignano.pdf\">Documento di Passignano<\/a><\/strong><\/p>\n<h3>\n\t\t\tApprofondimenti\t<\/h3>\n\t<p><strong>\u2192\u00a0<a href=\"https:\/\/lacittadeibambini.eu\/wp-content\/uploads\/2018\/02\/Hart-Scala-Partecipazione.pdf\">Scala della Partecipazione di Roger Hart<\/a><\/strong><\/p>\n<p><strong>\u2192\u00a0<a href=\"http:\/\/zeroseiup.eu\/prodotto\/il-consiglio-dei-bambini\/\" target=\"_blank\" rel=\"noopener\">Manuale metodologico Il Consiglio dei bambini<\/a><\/strong><\/p>\n<p><strong>\u2192 <a href=\"https:\/\/www.zeroseiup.eu\/prodotto\/manuale-di-progettazione-partecipata-con-i-bambini-e-le-bambine\/\" target=\"_blank\" rel=\"noopener\">Manuale di progettazione partecipata con i bambini e le bambine<\/a><\/strong><\/p>\n<p><strong>\u2192<\/strong>\u00a0<a href=\"https:\/\/lacittadeibambini.eu\/wp-content\/uploads\/2020\/07\/The_Participation_of_Children_and_Young_People_in_Emergencies.pdf\"><strong>The participation of children and young people in emergencies<\/strong><\/a><\/p>\n<h3>\n\t\t\tArticoli sul tema della Partecipazione\t<\/h3>\n\t\t\t<a href=\"\/category\/partecipazione\/\" target=\"_self\" rel=\"noopener\">\n\t\t\t\t\t\t\tArchivio di tutti gli articoli sulla Partecipazione\n\t\t\t\t\t<\/a>\n\n","protected":false},"excerpt":{"rendered":"<p>La partecipazione Perch\u00e9 far partecipare i bambini? Sono tante le ricadute positive del coinvolgimento dei bambini e delle bambine al governo e alla progettazione delle&hellip;<\/p>\n","protected":false},"author":3,"featured_media":0,"parent":0,"menu_order":0,"comment_status":"closed","ping_status":"closed","template":"","meta":{"spay_email":"","footnotes":""},"class_list":["post-78","page","type-page","status-publish","hentry"],"jetpack_sharing_enabled":true,"jetpack_shortlink":"https:\/\/wp.me\/P9FMIQ-1g","_links":{"self":[{"href":"https:\/\/lacittadeibambini.eu\/en\/wp-json\/wp\/v2\/pages\/78","targetHints":{"allow":["GET"]}}],"collection":[{"href":"https:\/\/lacittadeibambini.eu\/en\/wp-json\/wp\/v2\/pages"}],"about":[{"href":"https:\/\/lacittadeibambini.eu\/en\/wp-json\/wp\/v2\/types\/page"}],"author":[{"embeddable":true,"href":"https:\/\/lacittadeibambini.eu\/en\/wp-json\/wp\/v2\/users\/3"}],"replies":[{"embeddable":true,"href":"https:\/\/lacittadeibambini.eu\/en\/wp-json\/wp\/v2\/comments?post=78"}],"version-history":[{"count":25,"href":"https:\/\/lacittadeibambini.eu\/en\/wp-json\/wp\/v2\/pages\/78\/revisions"}],"predecessor-version":[{"id":5639,"href":"https:\/\/lacittadeibambini.eu\/en\/wp-json\/wp\/v2\/pages\/78\/revisions\/5639"}],"wp:attachment":[{"href":"https:\/\/lacittadeibambini.eu\/en\/wp-json\/wp\/v2\/media?parent=78"}],"curies":[{"name":"wp","href":"https:\/\/api.w.org\/{rel}","templated":true}]}}