{"id":107,"date":"2017-10-05T15:42:41","date_gmt":"2017-10-05T15:42:41","guid":{"rendered":"http:\/\/www.lacittadeibambini.org\/?page_id=107"},"modified":"2025-10-07T01:59:27","modified_gmt":"2025-10-07T01:59:27","slug":"home","status":"publish","type":"page","link":"https:\/\/lacittadeibambini.eu\/es\/","title":{"rendered":"Home"},"content":{"rendered":"\n\n\t\t\t\t<a href=\"http:\/\/lacittadeibambini.eu\/es\/participacion\/\" target=\"_self\" itemprop=\"url\" rel=\"noopener\">\n\t\t\t\t<img decoding=\"async\" src=\"https:\/\/i1.wp.com\/lacittadeibambini.eu\/wp-content\/uploads\/2024\/09\/partecipazione_circle-2.png?resize=120%2C120&#038;ssl=1\" alt=\"partecipazione_circle\" itemprop=\"image\" height=\"120\" width=\"120\" title=\"partecipazione_circle\" onerror=\"this.style.display='none'\" loading=\"lazy\" data-recalc-dims=\"1\" \/>\n\t\t\t\t<\/a>\n<h3><a href=\"http:\/\/lacittadeibambini.eu\/es\/participacion\/\" target=\"_self\" rel=\"noopener\">Participaci\u00f3n<\/a><\/h3><p>Los ni\u00f1os y las ni\u00f1as tienen derecho a expresar libremente su opini\u00f3n sobre cualquier cuesti\u00f3n que los concierna y su opini\u00f3n debe ser tenida en cuenta. (art. 12 Convenci\u00f3n Internacional sobre los Derechos del Ni\u00f1o de la ONU,\u00a0 1989)<\/p>\n\t\t\t\t<a href=\"http:\/\/lacittadeibambini.eu\/es\/autonomia\/\" target=\"_self\" itemprop=\"url\" rel=\"noopener\">\n\t\t\t\t<img decoding=\"async\" src=\"https:\/\/i0.wp.com\/lacittadeibambini.eu\/wp-content\/uploads\/2024\/09\/autonomia_circle.png?resize=120%2C120&#038;ssl=1\" alt=\"autonomia_circle\" itemprop=\"image\" height=\"120\" width=\"120\" title=\"autonomia_circle\" onerror=\"this.style.display='none'\" loading=\"lazy\" data-recalc-dims=\"1\" \/>\n\t\t\t\t<\/a>\n<h3><a href=\"http:\/\/lacittadeibambini.eu\/es\/autonomia\/\" target=\"_self\" rel=\"noopener\">Autonom\u00eda<\/a><\/h3><p>La Convenci\u00f3n de la ONU reconoce a ni\u00f1os y ni\u00f1as el derecho a jugar (art. 31) y el derecho a un nivel de vida tal que consienta su desarrollo f\u00edsico, mental, espiritual, moral y social (art.27). La recuperaci\u00f3n de una relaci\u00f3n aut\u00f3noma con el contexto urbano garantiza tales derechos<\/p>\n\t\t\t\t<a href=\"http:\/\/lacittadeibambini.eu\/es\/derecho-al-juego\/\" target=\"_self\" itemprop=\"url\" rel=\"noopener\">\n\t\t\t\t<img decoding=\"async\" src=\"https:\/\/i1.wp.com\/lacittadeibambini.eu\/wp-content\/uploads\/2024\/09\/gioco_circle-1.png?resize=120%2C120&#038;ssl=1\" alt=\"gioco_circle\" itemprop=\"image\" height=\"120\" width=\"120\" title=\"gioco_circle\" onerror=\"this.style.display='none'\" loading=\"lazy\" data-recalc-dims=\"1\" \/>\n\t\t\t\t<\/a>\n<h3><a href=\"http:\/\/lacittadeibambini.eu\/es\/derecho-al-juego\/\" target=\"_self\" rel=\"noopener\">Juego<\/a><\/h3>\n<p>Ni\u00f1os y ni\u00f1as tienen derecho a descansar y a disfrutar del tiempo libre, a jugar, \u00a0a realizar actividades recreativas y a participar libremente en la vida cultural y art\u00edstica<\/p>\n<p>(art. 31)<\/p>\n\t\t\t\t<a href=\"https:\/\/lacittadeibambini.eu\/es\/la-red-internacional\/\" target=\"_self\" itemprop=\"url\" rel=\"noopener\">\n\t\t\t\t<img decoding=\"async\" src=\"https:\/\/i1.wp.com\/lacittadeibambini.eu\/wp-content\/uploads\/2024\/09\/rete_circle.png?resize=120%2C120&#038;ssl=1\" alt=\"rete_circle\" itemprop=\"image\" height=\"120\" width=\"120\" title=\"rete_circle\" onerror=\"this.style.display='none'\" loading=\"lazy\" data-recalc-dims=\"1\" \/>\n\t\t\t\t<\/a>\n<h3><a href=\"https:\/\/lacittadeibambini.eu\/es\/la-red-internacional\/\" target=\"_self\" rel=\"noopener\">Red internacional<\/a><\/h3><p>Es un espacio de encuentro, intercambio de experiencias y definici\u00f3n de estrategias comunes con el objetivo compartido de realizar y reforzar el proyecto de un entorno urbano a medida del ni\u00f1o<\/p>\n\t\t\t\t<a href=\"https:\/\/lacittadeibambini.eu\/es\/formacion\/\" target=\"_self\" itemprop=\"url\" rel=\"noopener\">\n\t\t\t\t<img decoding=\"async\" src=\"https:\/\/i1.wp.com\/lacittadeibambini.eu\/wp-content\/uploads\/2024\/09\/formazione_circle-2.png?resize=120%2C120&#038;ssl=1\" alt=\"formazione_circle\" itemprop=\"image\" height=\"120\" width=\"120\" title=\"formazione_circle\" onerror=\"this.style.display='none'\" loading=\"lazy\" data-recalc-dims=\"1\" \/>\n\t\t\t\t<\/a>\n<h3><a href=\"https:\/\/lacittadeibambini.eu\/es\/formacion\/\" target=\"_self\" rel=\"noopener\">Formaci\u00f3n<\/a><\/h3>En esta secci\u00f3n se encuentran algunas herramientas y materiales \u00fatiles para comprender y desarrollar el proyecto.<br \/>\nPara aquellos que se han unido a la red internacional es posible ver el curso de formaci\u00f3n b\u00e1sica sobre el proyecto.\n\t\t\t\t<a href=\"https:\/\/lacittadeibambini.eu\/es\/actividad-investigadora\/\" target=\"_self\" itemprop=\"url\" rel=\"noopener\">\n\t\t\t\t<img decoding=\"async\" src=\"https:\/\/i1.wp.com\/lacittadeibambini.eu\/wp-content\/uploads\/2024\/09\/ricerca_circle.png?resize=120%2C120&#038;ssl=1\" alt=\"ricerca_circle\" itemprop=\"image\" height=\"120\" width=\"120\" title=\"ricerca_circle\" onerror=\"this.style.display='none'\" loading=\"lazy\" data-recalc-dims=\"1\" \/>\n\t\t\t\t<\/a>\n<h3><a href=\"https:\/\/lacittadeibambini.eu\/es\/actividad-investigadora\/\" target=\"_self\" rel=\"noopener\">Investigaci\u00f3n<\/a><\/h3><p>El laboratorio internacional investiga sobre los dos ejes principales del proyecto: la participaci\u00f3n de los ni\u00f1os en la gobernanza y planificaci\u00f3n de la ciudad y su movilidad aut\u00f3noma en el entorno urbano.<\/p>\n<h3>\n\t\t\tLas ciudades que forman parte de la Red Internacional\t<\/h3>\n\t<!DOCTYPE html>\n<html lang=\"it\">\n<head>\n  <meta charset=\"UTF-8\"\/>\n  <title>Mappa interattiva<\/title>\n  <style>\n    .map-container {\n      position: relative;\n      width: 1200px;\n      max-width: 100%; \/* cos\u00ec da mobile si adatta *\/\n      height: 600px;\n    }\n    .map-container iframe {\n      width: 100%;\n      height: 100%;\n      border: 0;\n      pointer-events: none; \/* disabilitato di default *\/\n    }\n  <\/style>\n<\/head>\n<body>\n  <iframe \n    id=\"map\"\n    src=\"https:\/\/www.google.com\/maps\/d\/u\/5\/embed?mid=1UGoW5QJPumbepasuH8I6GqQjZ1khslI&#038;ehbc=2E312F\"\n    allowfullscreen>\n  <\/iframe>\n<\/body>\n<\/html>\n    <img decoding=\"async\" src=\"https:\/\/i1.wp.com\/lacittadeibambini.eu\/wp-content\/uploads\/2025\/10\/Pin_G.png?w=843&#038;ssl=1\" data-recalc-dims=\"1\"\/>\n    Ciudades activas\n    <img decoding=\"async\" src=\"https:\/\/i1.wp.com\/lacittadeibambini.eu\/wp-content\/uploads\/2025\/10\/Pin_O.png?w=843&#038;ssl=1\" data-recalc-dims=\"1\"\/>\n    Instituciones\n    <img decoding=\"async\" src=\"https:\/\/i0.wp.com\/lacittadeibambini.eu\/wp-content\/uploads\/2025\/10\/Pin_B.png?w=843&#038;ssl=1\" data-recalc-dims=\"1\"\/>\n    Ciudades que participan formalmente pero no activamente\n<style>\n.pin-bar {\n  display: flex;\n  align-items: center;\n  height: 25px;\n  gap: 20px; \/* spazio fra i pin *\/\n  font-family: Arial, sans-serif;\n  font-size: 14px;\n}\n.pin-item {\n  display: flex;\n  align-items: center;\n  gap: 5px;\n}\n.pin-item img {\n  height: 20px; \/* leggermente pi\u00f9 piccolo del div *\/\n  width: auto;\n}\n<\/style>\n\t<p>La Red Internacional est\u00e1 formada por m\u00e1s de 300 ciudades de todo el mundo. Descubra c\u00f3mo se implementa el proyecto en las diferentes ciudades participantes.<\/p>\n\t\t\t<a href=\"https:\/\/lacittadeibambini.eu\/es\/la-red-internacional\/\" target=\"_self\" rel=\"noopener\">\n\t\t\t\t\t\t\tExplora la Red\n\t\t\t\t\t<\/a>\n<h3>\n\t\t\tNoticias y eventos en evidencia\t<\/h3>\n\t\t\t\t<img decoding=\"async\" src=\"https:\/\/i1.wp.com\/lacittadeibambini.eu\/wp-content\/uploads\/2017\/10\/ico-frato.png?w=843\" alt=\"Frato\" itemprop=\"image\" title=\"Frato\" onerror=\"this.style.display='none'\" loading=\"lazy\" data-recalc-dims=\"1\" \/>\n\t\t\t<a href=\"http:\/\/lacittadeibambini.eu\/es\/proyecto\/\" target=\"_self\" rel=\"noopener\">\n\t\t\t\t\t\tDescubre c\u00f3mo naci\u00f3 el proyecto\n\t\t\t\t\t<\/a>\n\t\t\t\t<img decoding=\"async\" src=\"https:\/\/i1.wp.com\/lacittadeibambini.eu\/wp-content\/uploads\/2017\/10\/ico-bambini.png?w=843\" alt=\"ico-bambini\" itemprop=\"image\" title=\"ico-bambini\" onerror=\"this.style.display='none'\" loading=\"lazy\" data-recalc-dims=\"1\" \/>\n<h3>\n\t\t\tA favor de las ni\u00f1as y los ni\u00f1os\t<\/h3>\n\t\t\t<p>No hay responsabilidad m\u00e1s sagrada que aquella que el mundo tiene hacia los ni\u00f1os. No hay deber m\u00e1s importante que garantizar que sean respetados sus derechos, que su bienestar sea tutelado, que sus vidas est\u00e9n libres de miedos y necesidades y que ellos puedan crecer en paz.\u00a0.<\/p>\n<strong>Kofi Annan<\/strong>\nPol\u00edtico y diplom\u00e1tico ghan\u00e9s\t\t\n\t\t\t<p>Los juegos de los ni\u00f1os no son juegos y debemos considerarlos como sus acciones m\u00e1s serias.<\/p>\n<strong>Michel De Montaigne\n<\/strong>fil\u00f3sofo\t\t\n\n","protected":false},"excerpt":{"rendered":"<p>Participaci\u00f3n Los ni\u00f1os y las ni\u00f1as tienen derecho a expresar libremente su opini\u00f3n sobre cualquier cuesti\u00f3n que los concierna y su opini\u00f3n debe ser tenida&hellip;<\/p>\n","protected":false},"author":3,"featured_media":0,"parent":0,"menu_order":0,"comment_status":"closed","ping_status":"closed","template":"","meta":{"spay_email":"","footnotes":""},"class_list":["post-107","page","type-page","status-publish","hentry"],"jetpack_sharing_enabled":true,"jetpack_shortlink":"https:\/\/wp.me\/P9FMIQ-1J","_links":{"self":[{"href":"https:\/\/lacittadeibambini.eu\/es\/wp-json\/wp\/v2\/pages\/107","targetHints":{"allow":["GET"]}}],"collection":[{"href":"https:\/\/lacittadeibambini.eu\/es\/wp-json\/wp\/v2\/pages"}],"about":[{"href":"https:\/\/lacittadeibambini.eu\/es\/wp-json\/wp\/v2\/types\/page"}],"author":[{"embeddable":true,"href":"https:\/\/lacittadeibambini.eu\/es\/wp-json\/wp\/v2\/users\/3"}],"replies":[{"embeddable":true,"href":"https:\/\/lacittadeibambini.eu\/es\/wp-json\/wp\/v2\/comments?post=107"}],"version-history":[{"count":32,"href":"https:\/\/lacittadeibambini.eu\/es\/wp-json\/wp\/v2\/pages\/107\/revisions"}],"predecessor-version":[{"id":5676,"href":"https:\/\/lacittadeibambini.eu\/es\/wp-json\/wp\/v2\/pages\/107\/revisions\/5676"}],"wp:attachment":[{"href":"https:\/\/lacittadeibambini.eu\/es\/wp-json\/wp\/v2\/media?parent=107"}],"curies":[{"name":"wp","href":"https:\/\/api.w.org\/{rel}","templated":true}]}}