{"id":1734,"date":"2019-09-18T14:43:49","date_gmt":"2019-09-18T14:43:49","guid":{"rendered":"https:\/\/www.lacittadeibambini.org\/quienes-somos\/"},"modified":"2025-11-06T16:54:09","modified_gmt":"2025-11-06T16:54:09","slug":"quienes-somos","status":"publish","type":"page","link":"https:\/\/lacittadeibambini.eu\/es\/quienes-somos\/","title":{"rendered":"Qui\u00e9nes Somos"},"content":{"rendered":"\n<h1>\n\t\t\tQui\u00e9nes Somos\t<\/h1>\n\t<p>El <a href=\"https:\/\/www.istc.cnr.it\/\"><strong>Istituto di Scienze e Tecnologie della Cognizione<\/strong><\/a>\u00a0del\u00a0 Consiglio Nazionale delle Ricerche (CNR) constituy\u00f3 en 1996 el <strong>grupo de investigaci\u00f3n<\/strong> &#8220;La ciudad de los ni\u00f1os&#8221; para apoyar y coordinar las ciudades que participaban en el <a href=\"https:\/\/lacittadeibambini.eu\/es\/proyecto\/\"><strong>proyecto internacional<\/strong><\/a>.<\/p>\n<p>As\u00ed naci\u00f3 el <strong>laboratorio internacional &#8220;La ciudad de los ni\u00f1os&#8221;<\/strong>, que adem\u00e1s de la actividad de investigaci\u00f3n promueve el proyecto entre los administradores de la ciudad, se ocupa de la formaci\u00f3n de operadores y coordina las redes locales que se han formado en los \u00faltimos a\u00f1os.<\/p>\n<p>Actualmente el laboratorio internacional est\u00e1 integrado por Francesco Tonucci, Daniela Renzi, Lorena Morachimo y Marica Notte.<\/p>\n<p>A lo largo de los a\u00f1os, el Laboratorio Internacional ha crecido con la participaci\u00f3n de estudiantes de posgrado, becarios, investigadores y colaboradores.<\/p>\n<p>Actualmente, el grupo de investigaci\u00f3n est\u00e1 formado por Chiara Belingardi, urbanista y experta en planificaci\u00f3n participativa con ni\u00f1os, y Emilia De Nardis, experta en participaci\u00f3n infantil en la gobernanza urbana.<\/p>\n<h3>\n\t\t\tFrancesco Tonucci\t<\/h3>\n\t<p><img loading=\"lazy\" decoding=\"async\" src=\"https:\/\/i0.wp.com\/lacittadeibambini.eu\/wp-content\/uploads\/2025\/02\/Tonucci-150x150-1-150x150.jpg?resize=150%2C150&#038;ssl=1\" alt=\"\" width=\"150\" height=\"150\" data-recalc-dims=\"1\" \/><\/p>\n\tPedagogo, creador del proyecto internacional &#8220;La ciudad de los ni\u00f1os&#8221;, es investigador del CNR desde 1966. Defensor incansable de la Convenci\u00f3n de las Naciones Unidas sobre los derechos del ni\u00f1o. Su visi\u00f3n educativa y sus propuestas para promover la participaci\u00f3n infantil y el derecho al juego son conocidas tanto en Italia como en Espa\u00f1a, Portugal, Francia y Am\u00e9rica Latina.<br \/>\nHa recibido 6 doctorados honoris causa por universidades espa\u00f1olas y latinoamericanas y tambi\u00e9n el premio Unicef \u200b\u200b2019. Es autor de numerosas publicaciones, muchas de las cuales han sido traducidas a diferentes idiomas. Bajo el seud\u00f3nimo de FRATO firma caricaturas sat\u00edricas sobre temas de educaci\u00f3n, ciudad, ni\u00f1os y juego que acompa\u00f1an la reflexi\u00f3n de los profesores y actores involucrados en el proyecto &#8220;La ciudad de los ni\u00f1os&#8221;.\n<h3>\n\t\t\tDaniela Renzi\t<\/h3>\n\t<p><img loading=\"lazy\" decoding=\"async\" src=\"https:\/\/i1.wp.com\/lacittadeibambini.eu\/wp-content\/uploads\/2025\/02\/Renzi-150x150-1-150x150.jpg?resize=150%2C150&#038;ssl=1\" alt=\"\" width=\"150\" height=\"150\" data-recalc-dims=\"1\" \/><\/p>\n\t<p>Psic\u00f3loga y psicoterapeuta familiar, desde 2003 forma parte del equipo de investigaci\u00f3n del proyecto internacional \u00abLa Ciudad de los Ni\u00f1os\u00bb en el Laboratorio de Psicolog\u00eda de la Participaci\u00f3n Infantil del ISTC-CNR. Es la directora cient\u00edfica de los proyectos de investigaci\u00f3n que el Laboratorio lleva a cabo en colaboraci\u00f3n con otras organizaciones e instituciones, y coordinadora del proyecto para el ISTC-CNR. Adem\u00e1s de la promoci\u00f3n e implementaci\u00f3n del proyecto, es responsable de la gesti\u00f3n, la formaci\u00f3n profesional y la investigaci\u00f3n cient\u00edfica. En concreto, estudia los efectos de las actividades del proyecto (Movimiento de Independencia y Participaci\u00f3n) en los ni\u00f1os y los diversos agentes sociales implicados, con el fin de evaluar su impacto en la infancia y la comunidad, as\u00ed como su capacidad para generar cambios concretos.<\/p>\n<h3>\n\t\t\tLorena Morachimo\t<\/h3>\n\t<p><img loading=\"lazy\" decoding=\"async\" src=\"https:\/\/i1.wp.com\/lacittadeibambini.eu\/wp-content\/uploads\/2025\/02\/Morachimo-150x150-1-150x150.png?resize=150%2C150&#038;ssl=1\" alt=\"\" width=\"150\" height=\"150\" data-recalc-dims=\"1\" \/><\/p>\n\t<p>Educadora experta en educaci\u00f3n infantil y educaci\u00f3n ambiental. Trabaj\u00f3 en el campo de la formaci\u00f3n docente y educaci\u00f3n para el desarrollo en la &#8220;Pontificia Universidad Cat\u00f3lica del Per\u00fa&#8221;. En el a\u00f1o 2003 trajo al Per\u00fa el proyecto &#8220;Ciudad de los Ni\u00f1os&#8221;. En el laboratorio fue responsable de coordinar la Red Latinoamericana y la Red Espa\u00f1ola, ofreciendo apoyo a las ciudades en la implementaci\u00f3n del proyecto.<\/p>\n<h3>\n\t\t\tMarica Notte\t<\/h3>\n\t<p><img loading=\"lazy\" decoding=\"async\" src=\"https:\/\/i1.wp.com\/lacittadeibambini.eu\/wp-content\/uploads\/2024\/06\/Marica_Notte.jpg?resize=150%2C150&#038;ssl=1\" alt=\"\" width=\"150\" height=\"150\" data-recalc-dims=\"1\" \/><\/p>\n\t<p>Licenciada en Filosof\u00eda por la Universidad La Sapienza de Roma, desde 2020 trabaja en el proyecto internacional &#8220;La ciudad de los ni\u00f1os&#8221; en el Laboratorio de Psicolog\u00eda de la Participaci\u00f3n Infantil del ISTC- CNR. Actualmente desempe\u00f1a el papel de Research Fellow y Referent de la Red Italiana, es decir, apoya a las ciudades participantes en el proyecto en la implementaci\u00f3n de las experiencias. Para m\u00e1s informaci\u00f3n sobre los temas y productos de la investigaci\u00f3n: <a href=\"https:\/\/www.istc.cnr.it\/it\/user\/12817\">https:\/\/www.istc.cnr.it\/it\/user\/12817<\/a><\/p>\n\n","protected":false},"excerpt":{"rendered":"<p>Qui\u00e9nes Somos El Istituto di Scienze e Tecnologie della Cognizione\u00a0del\u00a0 Consiglio Nazionale delle Ricerche (CNR) constituy\u00f3 en 1996 el grupo de investigaci\u00f3n &#8220;La ciudad de&hellip;<\/p>\n","protected":false},"author":6,"featured_media":0,"parent":0,"menu_order":0,"comment_status":"closed","ping_status":"closed","template":"","meta":{"spay_email":"","footnotes":""},"class_list":["post-1734","page","type-page","status-publish","hentry"],"jetpack_sharing_enabled":true,"jetpack_shortlink":"https:\/\/wp.me\/P9FMIQ-rY","_links":{"self":[{"href":"https:\/\/lacittadeibambini.eu\/es\/wp-json\/wp\/v2\/pages\/1734","targetHints":{"allow":["GET"]}}],"collection":[{"href":"https:\/\/lacittadeibambini.eu\/es\/wp-json\/wp\/v2\/pages"}],"about":[{"href":"https:\/\/lacittadeibambini.eu\/es\/wp-json\/wp\/v2\/types\/page"}],"author":[{"embeddable":true,"href":"https:\/\/lacittadeibambini.eu\/es\/wp-json\/wp\/v2\/users\/6"}],"replies":[{"embeddable":true,"href":"https:\/\/lacittadeibambini.eu\/es\/wp-json\/wp\/v2\/comments?post=1734"}],"version-history":[{"count":11,"href":"https:\/\/lacittadeibambini.eu\/es\/wp-json\/wp\/v2\/pages\/1734\/revisions"}],"predecessor-version":[{"id":5870,"href":"https:\/\/lacittadeibambini.eu\/es\/wp-json\/wp\/v2\/pages\/1734\/revisions\/5870"}],"wp:attachment":[{"href":"https:\/\/lacittadeibambini.eu\/es\/wp-json\/wp\/v2\/media?parent=1734"}],"curies":[{"name":"wp","href":"https:\/\/api.w.org\/{rel}","templated":true}]}}