{"id":1840,"date":"2019-09-26T21:56:16","date_gmt":"2019-09-26T21:56:16","guid":{"rendered":"https:\/\/www.lacittadeibambini.org\/la-red-de-la-region-del-lacio\/"},"modified":"2024-12-11T14:02:02","modified_gmt":"2024-12-11T14:02:02","slug":"la-red-de-la-region-del-lacio","status":"publish","type":"page","link":"https:\/\/lacittadeibambini.eu\/es\/la-red-de-la-region-del-lacio\/","title":{"rendered":"La Red de la Regi\u00f3n del Lacio"},"content":{"rendered":"\n\n\t<h1>La Red de la Regi\u00f3n del Lacio<\/h1>\n\t<p>Con la DGR n\u00ba 408 de 26 de noviembre de 2013, la Regi\u00f3n Lazio se adhiere al Proyecto Internacional La Ciudad de las Ni\u00f1as y los Ni\u00f1os y establece el Proyecto Regional espec\u00edfico denominado \u00abLazio, la Regi\u00f3n de las Ni\u00f1as y los Ni\u00f1os\u00bb, vali\u00e9ndose para su ejecuci\u00f3n de la colaboraci\u00f3n cient\u00edfica del Instituto de Ciencia y Tecnolog\u00eda Cognitiva del CNR.<\/p>\n<p>A trav\u00e9s del Proyecto \u00abLazio, la Regi\u00f3n de las Ni\u00f1as y los Ni\u00f1os\u00bb, la Regi\u00f3n propone a los municipios de su territorio una nueva filosof\u00eda de gobierno de la ciudad, que toma al ni\u00f1o como paradigma de las acciones necesarias para cambiarla, y a trav\u00e9s de la cual alcaldes y administradores pueden poner en marcha proyectos de autonom\u00eda de movimiento y participaci\u00f3n para hacer la ciudad m\u00e1s habitable, sostenible y mejor para todos los ciudadanos.<\/p>\n<p>Actualmente, <strong>18 municipalidades y 2 ayuntamientos romanos<\/strong> forman parte de la red regional:<\/p>\n<p>Albano Laziale (RM), Bassiano (LT), Cantalice (TI), Capena (RM), Casperia (RI), Castel Madama (RM), Castel Sant&#8217; Elia (VT), Cori (LT), Latina, Lenola (LT), Maenza (LT), Monte San Biagio (LT), Oriolo Romano (VT), Priverno (LT), Rieti, Segni (LT), Zagarolo (RM), V Municipio di Roma Capitale, XI Municipio di Roma Capitale.<\/p>\n<p>La red regional se cre\u00f3 mediante la realizaci\u00f3n de actividades de sensibilizaci\u00f3n y formaci\u00f3n dirigidas a los administradores y personas de contacto de los municipios pertenecientes a la red.<\/p>\n<p>Las actividades de formaci\u00f3n incluyeron dos viajes de estudio y formaci\u00f3n a ciudades especialmente significativas: en <strong>2018 a Malnate<\/strong>, en la provincia de Varese, y el pasado mes de <strong>febrero 2024 a Fano<\/strong>, cuna del proyecto<\/p>\n\n<p>En cambio,<strong> la actividad de investigaci\u00f3n<\/strong> incluy\u00f3<\/p>\n<ul>\n<li>una encuesta sobre la movilidad aut\u00f3noma de los ni\u00f1os, realizada en los municipios de Casperia, Formia, Genazzano, Subiaco y Vasanello;<\/li>\n<li>la actividad de evaluaci\u00f3n del proyecto \u00abLazio, la regi\u00f3n de las ni\u00f1as y los ni\u00f1os\u00bb.<\/li>\n<\/ul>\n\n<p>La creaci\u00f3n de la red regional tambi\u00e9n ha dado lugar a la firma de un acuerdo de asociaci\u00f3n con el Ayuntamiento de Rieti (socio principal), la Provincia de Rieti, la Regi\u00f3n del Lacio &#8211; Direcci\u00f3n Regional de Capital Natural, Parques y \u00c1reas Protegidas, los Ayuntamientos de Subiaco, Vasanello y Casperia para la ejecuci\u00f3n del proyecto \u00abA scuola ci andiamo da soli\u00bb (\u00abEn la escuela vamos solos\u00bb), en el marco del \u00abPrograma Nacional Experimental de Movilidad Sostenible Hogar-Escuela y Hogar-Trabajo\u00bb. en el marco del \u00abPrograma Nacional Experimental de Movilidad Sostenible Hogar-Escuela y Hogar-Trabajo\u00bb del Ministerio de Medio Ambiente, Territorio y Mar (MATTM).<\/p>\n\n","protected":false},"excerpt":{"rendered":"<p>La Red de la Regi\u00f3n del Lacio Con la DGR n\u00ba 408 de 26 de noviembre de 2013, la Regi\u00f3n Lazio se adhiere al Proyecto&hellip;<\/p>\n","protected":false},"author":3,"featured_media":0,"parent":0,"menu_order":0,"comment_status":"closed","ping_status":"closed","template":"","meta":{"spay_email":"","footnotes":""},"class_list":["post-1840","page","type-page","status-publish","hentry"],"jetpack_sharing_enabled":true,"jetpack_shortlink":"https:\/\/wp.me\/P9FMIQ-tG","_links":{"self":[{"href":"https:\/\/lacittadeibambini.eu\/es\/wp-json\/wp\/v2\/pages\/1840","targetHints":{"allow":["GET"]}}],"collection":[{"href":"https:\/\/lacittadeibambini.eu\/es\/wp-json\/wp\/v2\/pages"}],"about":[{"href":"https:\/\/lacittadeibambini.eu\/es\/wp-json\/wp\/v2\/types\/page"}],"author":[{"embeddable":true,"href":"https:\/\/lacittadeibambini.eu\/es\/wp-json\/wp\/v2\/users\/3"}],"replies":[{"embeddable":true,"href":"https:\/\/lacittadeibambini.eu\/es\/wp-json\/wp\/v2\/comments?post=1840"}],"version-history":[{"count":4,"href":"https:\/\/lacittadeibambini.eu\/es\/wp-json\/wp\/v2\/pages\/1840\/revisions"}],"predecessor-version":[{"id":5135,"href":"https:\/\/lacittadeibambini.eu\/es\/wp-json\/wp\/v2\/pages\/1840\/revisions\/5135"}],"wp:attachment":[{"href":"https:\/\/lacittadeibambini.eu\/es\/wp-json\/wp\/v2\/media?parent=1840"}],"curies":[{"name":"wp","href":"https:\/\/api.w.org\/{rel}","templated":true}]}}