{"id":1841,"date":"2019-09-26T21:57:58","date_gmt":"2019-09-26T21:57:58","guid":{"rendered":"https:\/\/www.lacittadeibambini.org\/la-red-italiana\/"},"modified":"2024-09-24T15:01:33","modified_gmt":"2024-09-24T15:01:33","slug":"la-red-italiana","status":"publish","type":"page","link":"https:\/\/lacittadeibambini.eu\/es\/la-red-italiana\/","title":{"rendered":"La Red italiana"},"content":{"rendered":"\n\n\t<h1>La Red italiana<\/h1>\n\t<p>Como se inform\u00f3 en la secci\u00f3n dedicada a los <a href=\"https:\/\/lacittadeibambini.eu\/es\/30-anos\/\" target=\"_blank\" rel=\"noopener\"><strong>30 a\u00f1os<\/strong><\/a>, el proyecto \u00abCiudad de los ni\u00f1os\u00bb naci\u00f3 en <strong>Fano<\/strong> el 27 de mayo de 1991. En los a\u00f1os siguientes, muchos alcaldes italianos sintieron la urgencia de adoptar una nueva filosof\u00eda de gobernar sus ciudades, situando la figura del ni\u00f1o en el centro de la agenda pol\u00edtica.<\/p>\n<p>La Red Italiana se estableci\u00f3 formalmente en 1996, con el objetivo de desarrollar un sentimiento de pertenencia al proyecto y promover la comparaci\u00f3n y el intercambio de experiencias. Ese mismo a\u00f1o se cre\u00f3 el Laboratorio Internacional \u00abLa Ciudad de los Ni\u00f1os\u00bb en el Instituto de Ciencia y Tecnolog\u00eda Cognitivas del CNR. El objetivo del Laboratorio es proporcionar formaci\u00f3n, apoyo y coordinaci\u00f3n a las ciudades que participan en el proyecto.<\/p>\n<p>Las ciudades italianas que se han sumado al proyecto a lo largo de los a\u00f1os son casi 100. Al unirse al proyecto, los alcaldes han asumido el compromiso de garantizar el protagonismo de los ni\u00f1os en los procesos de toma de decisiones y de devolver los espacios de la ciudad a los ni\u00f1os, aunque, con el tiempo, en algunas ciudades el proyecto se haya detenido debido a un cambio de administraci\u00f3n municipal.<\/p>\n<p>Entre las ciudades italianas destacan experiencias significativas y duraderas, como <strong>Fano (PU), San Giorgio a Cremano (NA), Pesaro, Malnate (VA) y Rescaldina (MI)<\/strong>, marcadas por un fuerte compromiso de la administraci\u00f3n municipal y un s\u00f3lido Taller de Proyectos.<\/p>\n<p>Las ciudades de reciente adhesi\u00f3n, que han entrado formalmente a formar parte de la red italiana, son: Mendrisio (2020), Macerata (2022), Luino (2022), San Vincenzo Livorno (2022), Portici (2023) e Isera (2023).<\/p>\n<p>En algunas regiones, se han establecido colaboraciones e intercambios de experiencias; en Lombard\u00eda, la ANCI Lombard\u00eda ha promovido reuniones y materiales para promover el Proyecto, que han producido nuevas adhesiones manteniendo la relaci\u00f3n con el Laboratorio de Roma.<\/p>\n<p>En Italia, la Red Regional del Lacio est\u00e1 activa desde 2014 en el marco del proyecto \u00abLazio, la regi\u00f3n de las ni\u00f1as y los ni\u00f1os\u00bb.<\/p>\n<p>Para reforzar la coordinaci\u00f3n a nivel nacional y vincularla a las dem\u00e1s redes del proyecto (Lacio, Italia, Espa\u00f1a y Am\u00e9rica Latina), el Taller Internacional promueve reuniones y seminarios de formaci\u00f3n dirigidos a las personas de contacto de las ciudades de reciente adhesi\u00f3n (administradores, coordinadores y personas de contacto del proyecto), elabora materiales de estudio sobre el proyecto, como los tres <strong>Manuales<\/strong> (recientemente reeditados por la editorial ZeroSeiUp), uno para cada una de las actividades del proyecto, y lleva a cabo investigaciones sobre la participaci\u00f3n y la autonom\u00eda de los ni\u00f1os.<\/p>\n\n","protected":false},"excerpt":{"rendered":"<p>La Red italiana Como se inform\u00f3 en la secci\u00f3n dedicada a los 30 a\u00f1os, el proyecto \u00abCiudad de los ni\u00f1os\u00bb naci\u00f3 en Fano el 27&hellip;<\/p>\n","protected":false},"author":6,"featured_media":0,"parent":0,"menu_order":0,"comment_status":"closed","ping_status":"closed","template":"","meta":{"spay_email":"","footnotes":""},"class_list":["post-1841","page","type-page","status-publish","hentry"],"jetpack_sharing_enabled":true,"jetpack_shortlink":"https:\/\/wp.me\/P9FMIQ-tH","_links":{"self":[{"href":"https:\/\/lacittadeibambini.eu\/es\/wp-json\/wp\/v2\/pages\/1841","targetHints":{"allow":["GET"]}}],"collection":[{"href":"https:\/\/lacittadeibambini.eu\/es\/wp-json\/wp\/v2\/pages"}],"about":[{"href":"https:\/\/lacittadeibambini.eu\/es\/wp-json\/wp\/v2\/types\/page"}],"author":[{"embeddable":true,"href":"https:\/\/lacittadeibambini.eu\/es\/wp-json\/wp\/v2\/users\/6"}],"replies":[{"embeddable":true,"href":"https:\/\/lacittadeibambini.eu\/es\/wp-json\/wp\/v2\/comments?post=1841"}],"version-history":[{"count":2,"href":"https:\/\/lacittadeibambini.eu\/es\/wp-json\/wp\/v2\/pages\/1841\/revisions"}],"predecessor-version":[{"id":5013,"href":"https:\/\/lacittadeibambini.eu\/es\/wp-json\/wp\/v2\/pages\/1841\/revisions\/5013"}],"wp:attachment":[{"href":"https:\/\/lacittadeibambini.eu\/es\/wp-json\/wp\/v2\/media?parent=1841"}],"curies":[{"name":"wp","href":"https:\/\/api.w.org\/{rel}","templated":true}]}}