{"id":1842,"date":"2019-09-26T22:00:37","date_gmt":"2019-09-26T22:00:37","guid":{"rendered":"https:\/\/www.lacittadeibambini.org\/la-red-espanola\/"},"modified":"2024-12-11T15:36:40","modified_gmt":"2024-12-11T15:36:40","slug":"la-red-espanola","status":"publish","type":"page","link":"https:\/\/lacittadeibambini.eu\/es\/la-red-espanola\/","title":{"rendered":"La Red espa\u00f1ola"},"content":{"rendered":"\n\n\t<h1>La Red espa\u00f1ola<\/h1>\n\tEn Espa\u00f1a, 40 ciudades y diversas organizaciones como museos, asociaciones y universidades forman parte actualmente de la red internacional del Proyecto &#8220;Ciudad de los Ni\u00f1os&#8221;; en los museos de ciencia de Granada, Barcelona y Valencia se han puesto en marcha los Consejos Infantiles del Museo, una experiencia de participaci\u00f3n que est\u00e1 encontrando nuevos adeptos.<br \/>\nLa Asociaci\u00f3n APFRATO tambi\u00e9n forma parte de la red espa\u00f1ola, que promueve la participaci\u00f3n de los ni\u00f1os en las escuelas.<br \/>\nDentro de la Red Espa\u00f1ola se han establecido redes locales, como la de algunos municipios del Pa\u00eds Vasco, denominada &#8220;Red Vasca Ciudades con la Infancia&#8221;, la Red de la Comunidad Valenciana, la de los Municipios de la Provincia de Pontevedra y una peque\u00f1a red con municipios de Salamanca.\n<p>La coordinaci\u00f3n nacional espa\u00f1ola est\u00e1 compuesta por representantes de las siguientes ciudades: Huesca, Carbajosa de la Sagrada, Gandia y Picanya.<\/p>\n<h3><strong>Enlaces \u00datiles<\/strong><\/h3>\n\n\n\n\n\n","protected":false},"excerpt":{"rendered":"<p>La Red espa\u00f1ola En Espa\u00f1a, 40 ciudades y diversas organizaciones como museos, asociaciones y universidades forman parte actualmente de la red internacional del Proyecto &#8220;Ciudad&hellip;<\/p>\n","protected":false},"author":6,"featured_media":0,"parent":0,"menu_order":0,"comment_status":"closed","ping_status":"closed","template":"","meta":{"spay_email":"","footnotes":""},"class_list":["post-1842","page","type-page","status-publish","hentry"],"jetpack_sharing_enabled":true,"jetpack_shortlink":"https:\/\/wp.me\/P9FMIQ-tI","_links":{"self":[{"href":"https:\/\/lacittadeibambini.eu\/es\/wp-json\/wp\/v2\/pages\/1842","targetHints":{"allow":["GET"]}}],"collection":[{"href":"https:\/\/lacittadeibambini.eu\/es\/wp-json\/wp\/v2\/pages"}],"about":[{"href":"https:\/\/lacittadeibambini.eu\/es\/wp-json\/wp\/v2\/types\/page"}],"author":[{"embeddable":true,"href":"https:\/\/lacittadeibambini.eu\/es\/wp-json\/wp\/v2\/users\/6"}],"replies":[{"embeddable":true,"href":"https:\/\/lacittadeibambini.eu\/es\/wp-json\/wp\/v2\/comments?post=1842"}],"version-history":[{"count":1,"href":"https:\/\/lacittadeibambini.eu\/es\/wp-json\/wp\/v2\/pages\/1842\/revisions"}],"predecessor-version":[{"id":5146,"href":"https:\/\/lacittadeibambini.eu\/es\/wp-json\/wp\/v2\/pages\/1842\/revisions\/5146"}],"wp:attachment":[{"href":"https:\/\/lacittadeibambini.eu\/es\/wp-json\/wp\/v2\/media?parent=1842"}],"curies":[{"name":"wp","href":"https:\/\/api.w.org\/{rel}","templated":true}]}}