{"id":1843,"date":"2019-09-26T22:04:14","date_gmt":"2019-09-26T22:04:14","guid":{"rendered":"https:\/\/www.lacittadeibambini.org\/la-red-latinoamericana\/"},"modified":"2024-09-24T15:12:47","modified_gmt":"2024-09-24T15:12:47","slug":"la-red-latinoamericana","status":"publish","type":"page","link":"https:\/\/lacittadeibambini.eu\/es\/la-red-latinoamericana\/","title":{"rendered":"La Red Latinoamericana"},"content":{"rendered":"\n\n\t<h1>La Red Latinoamericana<\/h1>\n\t<p>A partir de 2019, Argentina cuenta con una red, una coordinaci\u00f3n nacional y dos redes provinciales: Santa Fe y Neuqu\u00e9n.<\/p>\n<p>La coordinaci\u00f3n nacional est\u00e1 integrada por las siguientes representantes de las ciudades de Buenos Aires, Rosario, Arroyito y General Roca: Paula Querido, Carolina Balparda, Mariana Italiano y Julieta Ronzoni.<\/p>\n<p>La red argentina mantiene reuniones mensuales de la red, promueve campa\u00f1as en diferentes territorios y ha consolidado importantes alianzas pol\u00edticas como la colaboraci\u00f3n con la Secretaria Nacional de Ni\u00f1ez, Adolescencia y Famila (SENAF) y La Defensor\u00eca de los Derechos de los ni\u00f1os y adolescentes de Argentina.<\/p>\n<p>La \u00faltima reuni\u00f3n de la red nacional argentina se celebr\u00f3 en Buenos Aires en marzo de 2023 con la presencia de Francesco Tonucci y Lorena Morachimo.<\/p>\n<p>La red promueve varias innovaciones y, gracias a la rica experiencia de sus personas de contacto, es la primera red en la que se desarroll\u00f3 la formaci\u00f3n de coordinadores de proyectos, inicialmente en la provincia de Neuqu\u00e8n y posteriormente a nivel nacional.<\/p>\n<p>La red argentina publica un bolet\u00edn bimestral donde se presentan las buenas pr\u00e1cticas promovidas por las ciudades infantiles de la red.<\/p>\n<h3><strong>Enlaces \u00datiles<\/strong><\/h3>\n\n\n\n\n","protected":false},"excerpt":{"rendered":"<p>La Red Latinoamericana A partir de 2019, Argentina cuenta con una red, una coordinaci\u00f3n nacional y dos redes provinciales: Santa Fe y Neuqu\u00e9n. La coordinaci\u00f3n&hellip;<\/p>\n","protected":false},"author":6,"featured_media":0,"parent":0,"menu_order":0,"comment_status":"closed","ping_status":"closed","template":"","meta":{"spay_email":"","footnotes":""},"class_list":["post-1843","page","type-page","status-publish","hentry"],"jetpack_sharing_enabled":true,"jetpack_shortlink":"https:\/\/wp.me\/P9FMIQ-tJ","_links":{"self":[{"href":"https:\/\/lacittadeibambini.eu\/es\/wp-json\/wp\/v2\/pages\/1843","targetHints":{"allow":["GET"]}}],"collection":[{"href":"https:\/\/lacittadeibambini.eu\/es\/wp-json\/wp\/v2\/pages"}],"about":[{"href":"https:\/\/lacittadeibambini.eu\/es\/wp-json\/wp\/v2\/types\/page"}],"author":[{"embeddable":true,"href":"https:\/\/lacittadeibambini.eu\/es\/wp-json\/wp\/v2\/users\/6"}],"replies":[{"embeddable":true,"href":"https:\/\/lacittadeibambini.eu\/es\/wp-json\/wp\/v2\/comments?post=1843"}],"version-history":[{"count":1,"href":"https:\/\/lacittadeibambini.eu\/es\/wp-json\/wp\/v2\/pages\/1843\/revisions"}],"predecessor-version":[{"id":5014,"href":"https:\/\/lacittadeibambini.eu\/es\/wp-json\/wp\/v2\/pages\/1843\/revisions\/5014"}],"wp:attachment":[{"href":"https:\/\/lacittadeibambini.eu\/es\/wp-json\/wp\/v2\/media?parent=1843"}],"curies":[{"name":"wp","href":"https:\/\/api.w.org\/{rel}","templated":true}]}}