{"id":4381,"date":"2024-06-18T10:33:00","date_gmt":"2024-06-18T10:33:00","guid":{"rendered":"https:\/\/www.lacittadeibambini.org\/acuerdos-y-convenios\/"},"modified":"2024-06-18T14:24:07","modified_gmt":"2024-06-18T14:24:07","slug":"acuerdos-y-convenios","status":"publish","type":"page","link":"https:\/\/lacittadeibambini.eu\/es\/acuerdos-y-convenios\/","title":{"rendered":"Acuerdos y Convenios"},"content":{"rendered":"\n<h1>\n\t\tAcuerdos y Convenios\n\t<\/h1>\n<p>En 2013, la Regi\u00f3n del Lacio se adhiri\u00f3 al proyecto internacional &#8220;La ciudad de los ni\u00f1os&#8221; y desarroll\u00f3 el proyecto regional &#8220;Lacio, la Regi\u00f3n de las ni\u00f1as y los ni\u00f1os&#8221;.<\/p>\n<p>La colaboraci\u00f3n entre el Instituto de Ciencias y Tecnolog\u00edas Cognitivas y la <strong>Regione Lazio<\/strong>, que se lleva a cabo de forma continua desde 2013 hasta hoy, tiene como objetivo consolidar y desarrollar el proyecto regional mediante la implementaci\u00f3n de acciones sin\u00e9rgicas destinadas a promover el proyecto, la formaci\u00f3n de los sujetos involucrados y la ejecuci\u00f3n de la actividad investigadora, tanto en t\u00e9rminos de seguimiento como de evaluaci\u00f3n de la eficacia del proyecto.<\/p>\n<p>A lo largo de los a\u00f1os, el Instituto de Ciencias y Tecnolog\u00edas Cognitivas ha estipulado convenios y convenios de colaboraci\u00f3n con distintos tipos de organismos p\u00fablicos (Municipios, Provincias, Regiones), con el objetivo de desarrollar, en sus respectivos territorios, los objetivos y actividades previstas por el proyecto. s\u00ed mismo.<\/p>\n\t\t\t\t<img loading=\"lazy\" decoding=\"async\" src=\"https:\/\/i2.wp.com\/lacittadeibambini.eu\/wp-content\/uploads\/2024\/05\/Accordi.jpg?resize=500%2C314&#038;ssl=1\" alt=\"Accordi\" itemprop=\"image\" height=\"314\" width=\"500\" title=\"Accordi\" onerror=\"this.style.display='none'\"  data-recalc-dims=\"1\" \/>\n<p>De 2003 a 2008, gracias a un convenio con el <strong>Comune di Roma<\/strong>, se desarroll\u00f3 el proyecto &#8220;Roma, la ciudad de los ni\u00f1os&#8221;, durante estos a\u00f1os de colaboraci\u00f3n el Instituto gestion\u00f3 el Consejo de la Infancia de la ciudad de Roma, desarroll\u00f3 experiencias de circulaci\u00f3n aut\u00f3noma; de los ni\u00f1os, desde el hogar hasta la escuela, realizaron investigaciones sobre los principales temas del proyecto y llevaron a cabo intervenciones de capacitaci\u00f3n dirigidas a los operadores del Municipio identificados para desarrollar las diversas actividades.<\/p>\n<p>De 2006 a 2011, se firm\u00f3 un Memorando de Entendimiento con la <strong>Provincia di Roma<\/strong> que, adem\u00e1s de la creaci\u00f3n de una red provincial de municipios participantes en el proyecto, tambi\u00e9n preve\u00eda la realizaci\u00f3n de investigaciones sobre la percepci\u00f3n de los ni\u00f1os sobre el mundo del trabajo.<\/p>\n<p>Otros organismos con los que se han establecido acuerdos de colaboraci\u00f3n son el <strong>Comune di San Giorgio a Cremano (NA)<\/strong>, el <strong>Comune di<\/strong><strong>\u00a0Malnate (VA)<\/strong>, el <strong>Comune di<\/strong><strong>\u00a0Arezzo<\/strong> y <strong>ANCI Lombardia<\/strong>.<\/p>\n<p>En 2023 tambi\u00e9n se firm\u00f3 un acuerdo de colaboraci\u00f3n con <strong>la asociaci\u00f3n Francesco Tonucci<\/strong> que tiene entre sus objetivos tambi\u00e9n el de desarrollar el proyecto &#8220;La citt\u00e0 dei bambini&#8221; a nivel internacional.<\/p>\n<p>En virtud de este convenio, el Instituto y la asociaci\u00f3n promueven y coordinan proyectos de investigaci\u00f3n a nivel nacional e internacional; colaborar en la coordinaci\u00f3n de la red internacional del proyecto y fomentar el intercambio metodol\u00f3gico y cient\u00edfico mediante el establecimiento de Grupos de Investigaci\u00f3n y\/o Unidades de Investigaci\u00f3n conjuntos.<\/p>\n\n","protected":false},"excerpt":{"rendered":"<p>Acuerdos y Convenios En 2013, la Regi\u00f3n del Lacio se adhiri\u00f3 al proyecto internacional &#8220;La ciudad de los ni\u00f1os&#8221; y desarroll\u00f3 el proyecto regional &#8220;Lacio,&hellip;<\/p>\n","protected":false},"author":14,"featured_media":0,"parent":0,"menu_order":0,"comment_status":"closed","ping_status":"closed","template":"","meta":{"spay_email":"","footnotes":""},"class_list":["post-4381","page","type-page","status-publish","hentry"],"jetpack_sharing_enabled":true,"jetpack_shortlink":"https:\/\/wp.me\/P9FMIQ-18F","_links":{"self":[{"href":"https:\/\/lacittadeibambini.eu\/es\/wp-json\/wp\/v2\/pages\/4381","targetHints":{"allow":["GET"]}}],"collection":[{"href":"https:\/\/lacittadeibambini.eu\/es\/wp-json\/wp\/v2\/pages"}],"about":[{"href":"https:\/\/lacittadeibambini.eu\/es\/wp-json\/wp\/v2\/types\/page"}],"author":[{"embeddable":true,"href":"https:\/\/lacittadeibambini.eu\/es\/wp-json\/wp\/v2\/users\/14"}],"replies":[{"embeddable":true,"href":"https:\/\/lacittadeibambini.eu\/es\/wp-json\/wp\/v2\/comments?post=4381"}],"version-history":[{"count":3,"href":"https:\/\/lacittadeibambini.eu\/es\/wp-json\/wp\/v2\/pages\/4381\/revisions"}],"predecessor-version":[{"id":4393,"href":"https:\/\/lacittadeibambini.eu\/es\/wp-json\/wp\/v2\/pages\/4381\/revisions\/4393"}],"wp:attachment":[{"href":"https:\/\/lacittadeibambini.eu\/es\/wp-json\/wp\/v2\/media?parent=4381"}],"curies":[{"name":"wp","href":"https:\/\/api.w.org\/{rel}","templated":true}]}}