{"id":4386,"date":"2024-06-18T11:24:43","date_gmt":"2024-06-18T11:24:43","guid":{"rendered":"https:\/\/www.lacittadeibambini.org\/contactos\/"},"modified":"2025-02-19T16:04:33","modified_gmt":"2025-02-19T16:04:33","slug":"contactos","status":"publish","type":"page","link":"https:\/\/lacittadeibambini.eu\/es\/contactos\/","title":{"rendered":"Contactos"},"content":{"rendered":"\n<h1>\n\t\tContactos y c\u00f3mo llegar a nosotros\n\t<\/h1>\n\t<p>Nuestra nueva sede est\u00e1 ubicada en via Gian Domenico Romagnosi 18\/a cerca de Piazzale Flaminio en Roma, dentro del <a href=\"https:\/\/istc.cnr.it\/\" target=\"_blank\" rel=\"noopener\"><strong>Istituto di Scienze e Tecnologie della Cognizione<\/strong><\/a> del CNR.<\/p>\n<p>Puede comunicarse con nosotros de varias maneras:<\/p>\n<p><strong>En metro<\/strong>:<\/p>\n<ul>\n<li>Tomar la <strong>L\u00ednea A<\/strong> en direcci\u00f3n <strong>Battistini<\/strong> y bajar en la estaci\u00f3n <strong>Flaminio<\/strong>.<\/li>\n<\/ul>\n<p><strong>En autob\u00fas<\/strong>:<\/p>\n<ul>\n<li>En Piazzale Flaminio paran varios autobuses, entre ellos: <strong>119<\/strong>, <strong>200<\/strong>, <strong>223<\/strong>, <strong>490<\/strong>, <strong>628<\/strong>.<\/li>\n<li>Puede encontrar los horarios y las paradas de los autobuses en el sitio web de <strong>ATAC<\/strong> (Compa\u00f1\u00eda de Tranv\u00edas y Autobuses del Municipio de Roma): <strong><a href=\"https:\/\/www.atac.roma.it\/en\">https:\/\/www.atac.roma.it\/<\/a><\/strong><\/li>\n<\/ul>\n<p><strong>De pie<\/strong>:<\/p>\n<ul>\n<li>Se puede llegar a Piazzale Flaminio a pie desde muchas zonas del centro de Roma, como la Piazza del Popolo y Villa Borghese.<\/li>\n<li>El tiempo de caminata var\u00eda dependiendo del punto de partida, pero en promedio ronda los 15-20 minutos.<\/li>\n<\/ul>\n\tSi crees que tu ciudad puede ver el proyecto como una herramienta \u00fatil de cambio y mejora para el bienestar de los ni\u00f1os, y por tanto de todos los ciudadanos, te invitamos a escribirnos.<br \/>\nTu ciudad tambi\u00e9n puede formar parte de la Red.\nPara cualquier duda o solicitud de informaci\u00f3n puede contactarnos por tel\u00e9fono al <strong>+39<\/strong> <strong>06<\/strong> <strong>44595357<\/strong> o a la direcci\u00f3n de correo electr\u00f3nico <a href=\"mailto:citta.bambini@istc.cnr.it\" target=\"_blank\" rel=\"noopener\"><b>citta.bambini@istc.cnr.it<\/b><\/a><br \/>\nAlternativamente, puede completar directamente el formulario a continuaci\u00f3n.\n<p>&nbsp;<\/p>\n\t<div id=\"wpgmza_map\" class=\"wpgmza_map\" data-settings='{\"id\":\"1\",\"map_title\":\"Indirizzo Istituto\",\"map_width\":\"100\",\"map_height\":\"400\",\"map_start_lat\":\"41.91268362206873\",\"map_start_lng\":\"12.473772439831071\",\"map_start_location\":\"45.950464398418106,-109.81550500000003\",\"map_start_zoom\":\"16\",\"default_marker\":\"\",\"type\":\"0\",\"alignment\":\"4\",\"directions_enabled\":\"0\",\"styling_enabled\":\"0\",\"styling_json\":\"\",\"active\":\"0\",\"kml\":\"\",\"bicycle\":\"0\",\"traffic\":\"0\",\"dbox\":\"0\",\"dbox_width\":\"\",\"listmarkers\":\"0\",\"listmarkers_advanced\":\"0\",\"filterbycat\":\"0\",\"ugm_enabled\":\"0\",\"ugm_category_enabled\":\"0\",\"fusion\":\"\",\"map_width_type\":\"%\",\"map_height_type\":\"px\",\"mass_marker_support\":\"0\",\"ugm_access\":\"0\",\"order_markers_by\":\"0\",\"order_markers_choice\":\"0\",\"show_user_location\":\"0\",\"default_to\":\"\",\"other_settings\":{\"map_type\":1,\"sl_stroke_color\":\"\",\"sl_fill_color\":\"\",\"sl_stroke_opacity\":\"\",\"sl_fill_opacity\":\"\",\"transport_layer\":false,\"action\":\"wpgmza_save_map\",\"redirect_to\":\"\\\/wp-admin\\\/admin-post.php\",\"map_id\":\"1\",\"http_referer\":\"\\\/wp-admin\\\/admin.php?page=wp-google-maps-menu&amp;amp;action=edit&amp;amp;map_id=1\",\"wpgmza_id\":\"1\",\"wpgmza_start_location\":\"41.91268362206873,12.473772439831071\",\"wpgmza_start_zoom\":\"16\",\"store_locator_enabled\":false,\"store_locator_search_area\":\"radial\",\"wpgmza_store_locator_radius_style\":\"legacy\",\"wpgmza_store_locator_default_radius\":\"10\",\"store_locator_auto_area_max_zoom\":\"\",\"store_locator_distance\":false,\"wpgmza_store_locator_position\":false,\"store_locator_show_distance\":false,\"store_locator_category\":false,\"wpgmza_store_locator_use_their_location\":false,\"wpgmza_store_locator_bounce\":false,\"wpgmza_sl_animation\":null,\"wpgmza_store_locator_hide_before_search\":false,\"store_locator_query_string\":\"\",\"store_locator_location_placeholder\":\"\",\"store_locator_default_address\":\"\",\"store_locator_name_search\":false,\"store_locator_name_string\":\"\",\"store_locator_not_found_message\":\"\",\"wpgmza_map_align\":\"1\",\"jump_to_nearest_marker_on_initialization\":false,\"automatically_pan_to_users_location\":false,\"override_users_location_zoom_level\":false,\"override_users_location_zoom_levels\":\"\",\"show_distance_from_location\":false,\"map_max_zoom\":\"21\",\"map_min_zoom\":\"0\",\"click_open_link\":false,\"fit_maps_bounds_to_markers\":false,\"fit_maps_bounds_to_markers_after_filtering\":false,\"hide_point_of_interest\":false,\"wpgmza_zoom_on_marker_click\":false,\"wpgmza_zoom_on_marker_click_slider\":\"\",\"close_infowindow_on_map_click\":false,\"disable_lightbox_images\":false,\"use_Raw_Jpeg_Coordinates\":false,\"disable_polygon_info_windows\":false,\"enable_marker_ratings\":false,\"only_load_markers_within_viewport\":false,\"iw_primary_color\":\"#000000\",\"iw_accent_color\":\"#000000\",\"iw_text_color\":\"#000000\",\"wpgmza_listmarkers_by\":\"0\",\"wpgmza_marker_listing_position\":false,\"zoom_level_on_marker_listing_override\":false,\"zoom_level_on_marker_listing_click\":\"\",\"marker_listing_disable_zoom\":false,\"datatable_no_result_message\":\"\",\"remove_search_box_datables\":false,\"dataTable_pagination_style\":null,\"datatable_search_string\":\"\",\"datatable_result_start\":\"\",\"datatable_result_of\":\"\",\"datatable_result_to\":\"\",\"datatable_result_total\":\"\",\"datatable_result_show\":\"\",\"datatable_result_entries\":\"\",\"wpgmza_savemap\":\"Save Map \\u00bb\"}}' data-map-id='1' Data-maps-engine='open-layers' data-shortcode-attributes='{\"id\":\"1\"}' style=\"display:block; overflow:auto; width:100%; height:400px; float:left;\"><\/div>\n\n","protected":false},"excerpt":{"rendered":"<p>Contactos y c\u00f3mo llegar a nosotros Nuestra nueva sede est\u00e1 ubicada en via Gian Domenico Romagnosi 18\/a cerca de Piazzale Flaminio en Roma, dentro del&hellip;<\/p>\n","protected":false},"author":14,"featured_media":0,"parent":0,"menu_order":0,"comment_status":"closed","ping_status":"closed","template":"","meta":{"spay_email":"","footnotes":""},"class_list":["post-4386","page","type-page","status-publish","hentry"],"jetpack_sharing_enabled":true,"jetpack_shortlink":"https:\/\/wp.me\/P9FMIQ-18K","_links":{"self":[{"href":"https:\/\/lacittadeibambini.eu\/es\/wp-json\/wp\/v2\/pages\/4386","targetHints":{"allow":["GET"]}}],"collection":[{"href":"https:\/\/lacittadeibambini.eu\/es\/wp-json\/wp\/v2\/pages"}],"about":[{"href":"https:\/\/lacittadeibambini.eu\/es\/wp-json\/wp\/v2\/types\/page"}],"author":[{"embeddable":true,"href":"https:\/\/lacittadeibambini.eu\/es\/wp-json\/wp\/v2\/users\/14"}],"replies":[{"embeddable":true,"href":"https:\/\/lacittadeibambini.eu\/es\/wp-json\/wp\/v2\/comments?post=4386"}],"version-history":[{"count":6,"href":"https:\/\/lacittadeibambini.eu\/es\/wp-json\/wp\/v2\/pages\/4386\/revisions"}],"predecessor-version":[{"id":5221,"href":"https:\/\/lacittadeibambini.eu\/es\/wp-json\/wp\/v2\/pages\/4386\/revisions\/5221"}],"wp:attachment":[{"href":"https:\/\/lacittadeibambini.eu\/es\/wp-json\/wp\/v2\/media?parent=4386"}],"curies":[{"name":"wp","href":"https:\/\/api.w.org\/{rel}","templated":true}]}}