{"id":4418,"date":"2024-06-18T21:40:06","date_gmt":"2024-06-18T21:40:06","guid":{"rendered":"https:\/\/www.lacittadeibambini.org\/la-red-internacional\/"},"modified":"2025-10-07T09:25:17","modified_gmt":"2025-10-07T09:25:17","slug":"la-red-internacional","status":"publish","type":"page","link":"https:\/\/lacittadeibambini.eu\/es\/la-red-internacional\/","title":{"rendered":"La red internacional"},"content":{"rendered":"\n<h1>\n\t\t\tLa Red Internacional &#8220;La Ciudad de los Ni\u00f1os&#8221;\t<\/h1>\n\t<section data-id=\"f133276\" data-element_type=\"section\">\n<p>Actualmente el Proyecto est\u00e1 presente en 15 pa\u00edses de todo el mundo, principalmente en Europa y Am\u00e9rica Latina: Italia, Portugal, Espa\u00f1a, Francia, Suiza, L\u00edbano, M\u00e9xico, Rep\u00fablica Dominicana, Costa Rica, Colombia, Per\u00fa, Brasil, Uruguay, Chile y Argentina. . Son m\u00e1s de <strong>300<\/strong> ciudades las que se suman a la <strong>Red Internacional de Ciudades de los Ni\u00f1os<\/strong>. Las ciudades de la Red est\u00e1n coordinadas por el <strong>Laboratorio Internacional<\/strong> \u00ab<strong>La ciudad de los ni\u00f1os<\/strong>\u00bb del <strong><a href=\"http:\/\/www.istc.cnr.it\/\">Istituto di Scienze e Tecnologie della Cognizione<\/a> <\/strong> del CNR de Roma.<\/p>\n<p>Adem\u00e1s de la red internacional, est\u00e1n activas algunas redes nacionales: la red italiana, la red argentina, la red brasile\u00f1a, la red mexicana, la red de Lima y la red espa\u00f1ola. En algunos casos, las redes nacionales tambi\u00e9n incluyen redes provinciales o auton\u00f3micas como es el caso de Argentina y Espa\u00f1a.<\/p>\n<p>En 2013, la Regi\u00f3n del Lacio se adhiri\u00f3 al proyecto internacional &#8220;La ciudad de los ni\u00f1os&#8221; y desarroll\u00f3 el proyecto regional &#8220;<a href=\"https:\/\/www.regione.lazio.it\/cittadini\/tutela-ambientale-difesa-suolo\/regione-bambine-bambini\" target=\"_blank\" rel=\"noopener\"><strong>Lacio, la Regi\u00f3n de las ni\u00f1as y los ni\u00f1os<\/strong><\/a>&#8220;, dando origen a la red regional.<\/p>\n<\/section>\n\t<!DOCTYPE html>\n<html lang=\"it\">\n<head>\n  <meta charset=\"UTF-8\"\/>\n  <title>Mappa interattiva<\/title>\n  <style>\n    .map-container {\n      position: relative;\n      width: 1200px;\n      max-width: 100%; \/* cos\u00ec da mobile si adatta *\/\n      height: 600px;\n    }\n    .map-container iframe {\n      width: 100%;\n      height: 100%;\n      border: 0;\n      pointer-events: none; \/* disabilitato di default *\/\n    }\n  <\/style>\n<\/head>\n<body>\n  <iframe \n    id=\"map\"\n    src=\"https:\/\/www.google.com\/maps\/d\/u\/5\/embed?mid=1UGoW5QJPumbepasuH8I6GqQjZ1khslI&#038;ehbc=2E312F\"\n    allowfullscreen>\n  <\/iframe>\n<\/body>\n<\/html>\n    <img decoding=\"async\" src=\"https:\/\/i1.wp.com\/lacittadeibambini.eu\/wp-content\/uploads\/2025\/10\/Pin_G.png?w=843&#038;ssl=1\" data-recalc-dims=\"1\"\/>\n    Ciudades activas\n    <img decoding=\"async\" src=\"https:\/\/i1.wp.com\/lacittadeibambini.eu\/wp-content\/uploads\/2025\/10\/Pin_O.png?w=843&#038;ssl=1\" data-recalc-dims=\"1\"\/>\n    Instituciones\n    <img decoding=\"async\" src=\"https:\/\/i0.wp.com\/lacittadeibambini.eu\/wp-content\/uploads\/2025\/10\/Pin_B.png?w=843&#038;ssl=1\" data-recalc-dims=\"1\"\/>\n    Ciudades\/Instituciones que participan formalmente pero no activamente\n<style>\n.pin-bar {\n  display: flex;\n  align-items: center;\n  height: 25px;\n  gap: 20px; \/* spazio fra i pin *\/\n  font-family: Arial, sans-serif;\n  font-size: 14px;\n}\n.pin-item {\n  display: flex;\n  align-items: center;\n  gap: 5px;\n}\n.pin-item img {\n  height: 20px; \/* leggermente pi\u00f9 piccolo del div *\/\n  width: auto;\n}\n<\/style>\n<h2>\n\t\t\tRedes locales\t<\/h2>\n\t\t<h3><a href=\"https:\/\/lacittadeibambini.eu\/es\/la-red-de-la-region-del-lacio\/\" target=\"_self\" rel=\"noopener\">La red de la Regione Lazio<\/a><\/h3>La red regional, compuesta por <strong>18 ciudades<\/strong>\u00a0y <strong>2\u00a0Municipios romanos<\/strong>, fue fundada en 2014 en el marco del proyecto &#8220;<a href=\"https:\/\/www.regione.lazio.it\/cittadini\/tutela-ambientale-difesa-suolo\/regione-bambine-bambini\" target=\"_blank\" rel=\"noopener\"><strong>Il Lazio, la Regione delle bambine e dei bambini<\/strong><\/a>&#8220;. La red est\u00e1 coordinada por el laboratorio regional, gestionado conjuntamente por el ISTC-CNR y la Regi\u00f3n del Lacio &#8211; Direcci\u00f3n de Medio Ambiente &#8211; \u00c1rea de Educaci\u00f3n y Comunicaci\u00f3n Ambiental.<br \/>\nEl laboratorio regional, adem\u00e1s de coordinar la red, apoya a los municipios en la realizaci\u00f3n de las actividades del proyecto.\n<a href=\"https:\/\/lacittadeibambini.eu\/es\/la-red-de-la-region-del-lacio\/\" target=\"_self\" rel=\"noopener\">Saber m\u00e1s<\/a>\t\n\t\t<h3><a href=\"https:\/\/lacittadeibambini.eu\/es\/la-red-italiana\/\" target=\"_self\" rel=\"noopener\">La red italiana<\/a><\/h3><p>La Red Italiana fue fundada formalmente en 1996, con el objetivo de desarrollar un sentido de pertenencia al proyecto, promoviendo el debate y el intercambio de experiencias. Ese mismo a\u00f1o se cre\u00f3 el laboratorio internacional &#8220;La citt\u00e0 dei bambini&#8221; en el Instituto de Ciencias y Tecnolog\u00edas Cognitivas del CNR. El Laboratorio tiene como objetivo brindar capacitaci\u00f3n, apoyo y coordinaci\u00f3n a las ciudades que se suman al proyecto.<\/p>\n<a href=\"https:\/\/lacittadeibambini.eu\/es\/la-red-italiana\/\" target=\"_self\" rel=\"noopener\">Saber m\u00e1s<\/a>\t\n\t\t<h3><a href=\"https:\/\/lacittadeibambini.eu\/es\/la-red-espanola\/\" target=\"_self\" rel=\"noopener\">La Red Espa\u00f1ola<\/a><\/h3><p>La red espa\u00f1ola se form\u00f3 en 2016 durante un encuentro que tuvo lugar en Granada, en el museo Parque de las Ciencias; A este encuentro le siguieron otros cuatro: uno en <a href=\"https:\/\/www.depo.gal\/es\/provincia-tonucci\/encontro-rede-espanola-cidades-dos-nenos-e-nenas\/\"><strong>Pontevedra<\/strong><\/a> (Galicia) en 2017, uno en <a href=\"https:\/\/www.huesca.es\/areas\/infancia\/ciudad-de-las-ninas-y-de-los-ninos\/iii-encuentro-de-la-red-nacional-de-la-ciudad-de-las-ninas-y-los-ninos\"><strong>Huesca<\/strong><\/a> (Arag\u00f3n) en 2018, uno en <a href=\"http:\/\/www.cabildofuer.es\/cabildo\/mas-de-treinta-ciudades-participan-en-el-iv-encuentro-de-la-red-nacional-de-ciudades-de-las-ninas-y-los-ninos\/)\"><strong>Fuerteventura<\/strong><\/a> \u00a0(Canarias) en 2019 y el \u00faltimo en Burjassot en 2023.<\/p>\n\n<a href=\"https:\/\/lacittadeibambini.eu\/es\/la-red-espanola\/\" target=\"_self\" rel=\"noopener\">Saber m\u00e1s<\/a>\t\n\t\t<h3><a href=\"https:\/\/lacittadeibambini.eu\/es\/la-red-latinoamericana\/\" target=\"_self\" rel=\"noopener\">La Red Latinoamericana<\/a><\/h3><p>La Red Latinoamericana &#8220;<em>La ciudad de las ni\u00f1as y de los ni\u00f1os<\/em>&#8221; naci\u00f3 en Santa Fe, Argentina, en mayo de 2009. Ese a\u00f1o, la provincia de Santa Fe, por iniciativa personal del gobernador Hermes Binner, inaugur\u00f3 un <strong>Laboratorio Latinoamericano<\/strong>. el cual, utilizando las habilidades desarrolladas dentro de la experiencia rosarina, busca promover el conocimiento de los contenidos y desarrollo del proyecto en los municipios de la Provincia de Santa Fe, as\u00ed como en otras ciudades argentinas y en algunas ciudades de los Estados latinoamericanos.<\/p>\n<a href=\"https:\/\/lacittadeibambini.eu\/es\/la-red-latinoamericana\/\" target=\"_self\" rel=\"noopener\">Saber m\u00e1s<\/a>\t\n<h3>\n\t\t\tLas actividades de la Red Internacional\t<\/h3>\n\t<p><strong>La red internacional<\/strong><\/p>\n<p>La Red Internacional nace con el objetivo de brindar apoyo a las ciudades que se suman, coordinando actividades, fomentando el intercambio y la comparaci\u00f3n. Las ciudades de la Red se re\u00fanen durante Congresos Internacionales y durante reuniones locales y\/o nacionales.<\/p>\n<p><strong>El laboratorio internacional<\/strong><\/p>\n<p>Las actividades de dise\u00f1o, desarrollo, coordinaci\u00f3n e investigaci\u00f3n del proyecto son realizadas por el Laboratorio Internacional.<\/p>\n<p>El Laboratorio Internacional tiene entre sus funciones:<\/p>\n<ul>\n<li>la coordinaci\u00f3n de la Red, la captaci\u00f3n de membres\u00edas, la recopilaci\u00f3n de experiencias, la difusi\u00f3n de resultados, la facilitaci\u00f3n de contactos y reuniones;<\/li>\n<li>capacitaci\u00f3n, apoyo a la planificaci\u00f3n, desarrollo de herramientas de apoyo para la implementaci\u00f3n de las actividades previstas por el proyecto (por ejemplo, manuales metodol\u00f3gicos);<\/li>\n<li>investigaci\u00f3n evaluativa sobre la eficacia del proyecto en la consecuci\u00f3n de los resultados esperados y sobre el impacto de las experiencias propuestas en los diversos actores sociales involucrados (ni\u00f1os, padres, administradores locales, profesores y directivos escolares).<\/li>\n<\/ul>\n<p>El Laboratorio Internacional alberga el Centro de Documentaci\u00f3n Internacional que recientemente ha sido digitalizado y est\u00e1 accesible en el siguiente enlace: <a href=\"https:\/\/lacittadeibambini.eu\/archivio-internazionale-del-progetto\/\"><strong>Archivo hist\u00f3rico del proyecto<\/strong><\/a>;<\/p>\n<p>El Laboratorio es tambi\u00e9n el lugar donde:<\/p>\n<ul>\n<li>reuniones con los administradores de las ciudades que pretenden sumarse al proyecto;<\/li>\n<li>Cursos de capacitaci\u00f3n dirigidos a administradores locales, representantes y grupo de trabajo.<\/li>\n<\/ul>\n<p>Desde 2023, la <a href=\"https:\/\/francescotonucci.org\/francesco-tonucci-frato\/la-citta-dei-bambini\/\" target=\"_blank\" rel=\"noopener\"><strong>Asociaci\u00f3n Francesco Tonucci<\/strong><\/a>, gracias a un convenio de colaboraci\u00f3n con el Instituto de Ciencias y Tecnolog\u00edas Cognitivas del CNR, lleva a cabo la gesti\u00f3n y coordinaci\u00f3n de ciudades y redes a nivel internacional, a trav\u00e9s de la colaboraci\u00f3n de un grupo de expertos y voluntarios de los diferentes pa\u00edses, que apoyan la coordinaci\u00f3n, participan en la capacitaci\u00f3n y evaluaci\u00f3n y seguimiento del proyecto.<\/p>\n<p>Experimentar con el networking result\u00f3 ser la mejor estrategia para desarrollar el proyecto en las distintas ciudades. La red fomenta una din\u00e1mica de intercambio y de inspiraci\u00f3n mutua, permite llevar a cabo iniciativas compartidas y garantiza el apoyo de los distintos coordinadores de proyectos activos en las diferentes realidades.<\/p>\n<h3>\n\t\t\tPerspectivas\t<\/h3>\n\t\u2192\u00a0<a href=\"https:\/\/www.facebook.com\/La-citt%C3%A0-dei-bambini-1115314935313311\/\" target=\"_blank\" rel=\"noopener\"><b>Visite la p\u00e1gina de facebook del proyecto &#8220;Ciudad de los ni\u00f1os&#8221; (en italiano)<\/b><\/a><!--\n\u2192 Bollettino n.4\n\u2192 i manuali\n\u2192 video (?)\n -->\n<p><strong><a href=\"https:\/\/francescotonucci.org\/\" target=\"_blank\" rel=\"noopener\">\u2192 Visite el sitio web de la Asociaci\u00f3n Francesco Tonucci<\/a><\/strong><\/p>\n<p>\u2192 <strong><a href=\"https:\/\/www.facebook.com\/groups\/redlatamcdn\/\" target=\"_blank\" rel=\"noopener\">Visite el grupo de facebook&#8221;La Ciudad de las Ni\u00f1as y de los Ni\u00f1os: Red Latinomericana&#8221;<\/a><\/strong><\/p>\n<p>\u2192 <a href=\"http:\/\/www.huesca.es\/areas\/infancia\/ciudad-de-las-ninas-y-de-los-ninos\/\" target=\"_blank\" rel=\"noopener\"><b>Visita el sitio web &#8220;Ciudad de las Ni\u00f1as y de los Ni\u00f1os&#8221; di Huesca<\/b><\/a><\/p>\n<p>\u2192 <a href=\"https:\/\/comune.malnate.va.it\/argomento\/la-citta-dei-bambini\/\" target=\"_blank\" rel=\"noopener\"><strong>Visita el sitio &#8220;La Citt\u00e0 dei Bambini&#8221; di Malnate (en italiano)<\/strong><\/a><\/p>\n\n","protected":false},"excerpt":{"rendered":"<p>La Red Internacional &#8220;La Ciudad de los Ni\u00f1os&#8221; Actualmente el Proyecto est\u00e1 presente en 15 pa\u00edses de todo el mundo, principalmente en Europa y Am\u00e9rica&hellip;<\/p>\n","protected":false},"author":14,"featured_media":0,"parent":0,"menu_order":0,"comment_status":"closed","ping_status":"closed","template":"","meta":{"spay_email":"","footnotes":""},"class_list":["post-4418","page","type-page","status-publish","hentry"],"jetpack_sharing_enabled":true,"jetpack_shortlink":"https:\/\/wp.me\/P9FMIQ-19g","_links":{"self":[{"href":"https:\/\/lacittadeibambini.eu\/es\/wp-json\/wp\/v2\/pages\/4418","targetHints":{"allow":["GET"]}}],"collection":[{"href":"https:\/\/lacittadeibambini.eu\/es\/wp-json\/wp\/v2\/pages"}],"about":[{"href":"https:\/\/lacittadeibambini.eu\/es\/wp-json\/wp\/v2\/types\/page"}],"author":[{"embeddable":true,"href":"https:\/\/lacittadeibambini.eu\/es\/wp-json\/wp\/v2\/users\/14"}],"replies":[{"embeddable":true,"href":"https:\/\/lacittadeibambini.eu\/es\/wp-json\/wp\/v2\/comments?post=4418"}],"version-history":[{"count":20,"href":"https:\/\/lacittadeibambini.eu\/es\/wp-json\/wp\/v2\/pages\/4418\/revisions"}],"predecessor-version":[{"id":5741,"href":"https:\/\/lacittadeibambini.eu\/es\/wp-json\/wp\/v2\/pages\/4418\/revisions\/5741"}],"wp:attachment":[{"href":"https:\/\/lacittadeibambini.eu\/es\/wp-json\/wp\/v2\/media?parent=4418"}],"curies":[{"name":"wp","href":"https:\/\/api.w.org\/{rel}","templated":true}]}}