{"id":4422,"date":"2024-06-18T22:43:10","date_gmt":"2024-06-18T22:43:10","guid":{"rendered":"https:\/\/www.lacittadeibambini.org\/capacitacion\/"},"modified":"2025-09-29T09:22:17","modified_gmt":"2025-09-29T09:22:17","slug":"formacion","status":"publish","type":"page","link":"https:\/\/lacittadeibambini.eu\/es\/formacion\/","title":{"rendered":"Formaci\u00f3n"},"content":{"rendered":"\n<h1>\n\t\tFormaci\u00f3n\n\t<\/h1>\n\tEsta secci\u00f3n contiene una especie de <strong>caja de herramientas<\/strong>, \u00fatil para desarrollar el proyecto:<br \/>\nEl curso de formaci\u00f3n b\u00e1sica, los dos libros principales de Francesco Tonucci y los manuales metodol\u00f3gicos sobre las actividades del proyecto.\n<h2>\n\t\tCurso de formaci\u00f3n b\u00e1sica\n\t<\/h2>\n\t<p>Despu\u00e9s de incorporarse al <strong>proyecto<\/strong>, el grupo de trabajo elegido por el alcalde, para gestionarlo a nivel local, deber\u00e1 participar en un curso de formaci\u00f3n b\u00e1sica que ilustre su filosof\u00eda y las principales actividades que debe desarrollar el municipio.<\/p>\n<p>Para garantizar a los municipios que se han sumado la oportunidad de participar en la formaci\u00f3n b\u00e1sica, hemos decidido poner a disposici\u00f3n los v\u00eddeos de los <strong>cuatro principales m\u00f3dulos formativos<\/strong>:<\/p>\n<ol>\n<li><strong>La ciudad de los ni\u00f1os<\/strong>: una nueva filosof\u00eda de gobierno de la ciudad;<\/li>\n<li><strong>Escuchando a los ni\u00f1os<\/strong>: el Consejo de ni\u00f1as y ni\u00f1os;<\/li>\n<li><strong>La autonom\u00eda de movimiento de los ni\u00f1os<\/strong>: una necesidad y un derecho para ellos, un recurso para la familia, la escuela y la ciudad;<\/li>\n<li><strong>El derecho al tiempo libre y al juego<\/strong>.<\/li>\n<\/ol>\n\t\t\t\t<img loading=\"lazy\" decoding=\"async\" src=\"https:\/\/i2.wp.com\/lacittadeibambini.eu\/wp-content\/uploads\/2024\/05\/formazione_vignetta.jpg?resize=400%2C305&#038;ssl=1\" alt=\"formazione_vignetta\" itemprop=\"image\" height=\"305\" width=\"400\" title=\"formazione_vignetta\" onerror=\"this.style.display='none'\"  data-recalc-dims=\"1\" \/>\n\t\n<p>Recomendamos ver cada m\u00f3dulo individualmente y seguir el visionado con una discusi\u00f3n por parte del grupo de trabajo, para preparar la comparaci\u00f3n y el debate que luego ser\u00e1 realizado por un representante del laboratorio internacional.<\/p>\n\t<p>Para acceder a los v\u00eddeos<\/p>\n\t<p>Si ya tienes las credenciales<\/p>\n\t\t\t<a href=\"https:\/\/lacittadeibambini.eu\/curso-de-formacion\/\" target=\"_self\" role=\"button\" rel=\"noopener\">\n\t\t\t\t\t\t\tAccede al curso\n\t\t\t\t\t<\/a>\n\tSi necesita credenciales de acceso,<br \/>\nRellene el siguiente formulario\n<h3>\n\t\t Libros\n\t<\/h3>\n\t<p>Para m\u00e1s informaci\u00f3n sobre el proyecto se pueden consultar los dos textos principales del prof. Francisco Tonucci:<\/p>\n<ul>\n<li><strong><a href=\"https:\/\/www.grao.com\/libros\/la-ciudad-de-los-ninos-27252\">La ciudad de los ni\u00f1os<\/a><\/strong><\/li>\n<li><a href=\"https:\/\/www.grao.cat\/llibres\/quan-els-infants-diuen-prou-706\"><b>Quan els infants diuen PROU!<\/b><\/a><\/li>\n<li><a href=\"https:\/\/editoriallosada.com\/libro\/la-ciudad-de-los-ninos\/\"><b>La ciudad de los ni\u00f1os &#8211; <\/b><b>Un modo nuevo de pensar la ciudad<\/b><\/a><\/li>\n<li><a href=\"https:\/\/editoriallosada.com\/libro\/cuando-los-ninos-dicen-basta\/\"><b>Cuando los ni\u00f1os dicen: \u00a1Basta!<\/b><\/a><\/li>\n<\/ul>\n<h3>\n\t\tManuales metodol\u00f3gicos\n\t<\/h3>\n\t<p>Para desarrollar las principales actividades del proyecto es posible consultar los manuales metodol\u00f3gicos, desarrollados por el grupo de trabajo a lo largo de los a\u00f1os:<\/p>\n<ul>\n<li><a href=\"https:\/\/editoriallosada.com\/libro\/a-la-escuela-vamos-solos\/\"><b>A la escuela vamos solos &#8211; <\/b><b>La autonom\u00eda de movimiento de las ni\u00f1as y los ni\u00f1os<\/b><\/a><\/li>\n<li><a href=\"https:\/\/editoriallosada.com\/libro\/manual-de-planeamiento-participativo\/\"><b>Manual de planeamiento participativo<br \/>\n<\/b><b>El planeamiento con participaci\u00f3n de las ni\u00f1as y los ni\u00f1os<\/b><\/a><\/li>\n<li><a href=\"https:\/\/editoriallosada.com\/libro\/el-consejo-de-los-ninos\/\"><b>El Consejo de los ni\u00f1os<\/b><\/a><\/li>\n<li><a href=\"https:\/\/lacittadeibambini.eu\/es\/pedoni\/\"><strong>\u00a1Los peatones primero! (en italiano)<\/strong><\/a><\/li>\n<\/ul>\n\t\t\t\t<img loading=\"lazy\" decoding=\"async\" src=\"https:\/\/i1.wp.com\/lacittadeibambini.eu\/wp-content\/uploads\/2023\/05\/formazione_img.jpg?resize=843%2C1007&#038;ssl=1\" alt=\"formazione_img\" itemprop=\"image\" height=\"1007\" width=\"843\" title=\"formazione_img\" onerror=\"this.style.display='none'\"  data-recalc-dims=\"1\" \/>\n\n","protected":false},"excerpt":{"rendered":"<p>Formaci\u00f3n Esta secci\u00f3n contiene una especie de caja de herramientas, \u00fatil para desarrollar el proyecto: El curso de formaci\u00f3n b\u00e1sica, los dos libros principales de&hellip;<\/p>\n","protected":false},"author":14,"featured_media":0,"parent":0,"menu_order":0,"comment_status":"closed","ping_status":"closed","template":"","meta":{"spay_email":"","footnotes":""},"class_list":["post-4422","page","type-page","status-publish","hentry"],"jetpack_sharing_enabled":true,"jetpack_shortlink":"https:\/\/wp.me\/P9FMIQ-19k","_links":{"self":[{"href":"https:\/\/lacittadeibambini.eu\/es\/wp-json\/wp\/v2\/pages\/4422","targetHints":{"allow":["GET"]}}],"collection":[{"href":"https:\/\/lacittadeibambini.eu\/es\/wp-json\/wp\/v2\/pages"}],"about":[{"href":"https:\/\/lacittadeibambini.eu\/es\/wp-json\/wp\/v2\/types\/page"}],"author":[{"embeddable":true,"href":"https:\/\/lacittadeibambini.eu\/es\/wp-json\/wp\/v2\/users\/14"}],"replies":[{"embeddable":true,"href":"https:\/\/lacittadeibambini.eu\/es\/wp-json\/wp\/v2\/comments?post=4422"}],"version-history":[{"count":15,"href":"https:\/\/lacittadeibambini.eu\/es\/wp-json\/wp\/v2\/pages\/4422\/revisions"}],"predecessor-version":[{"id":5528,"href":"https:\/\/lacittadeibambini.eu\/es\/wp-json\/wp\/v2\/pages\/4422\/revisions\/5528"}],"wp:attachment":[{"href":"https:\/\/lacittadeibambini.eu\/es\/wp-json\/wp\/v2\/media?parent=4422"}],"curies":[{"name":"wp","href":"https:\/\/api.w.org\/{rel}","templated":true}]}}