{"id":4428,"date":"2024-06-18T22:52:17","date_gmt":"2024-06-18T22:52:17","guid":{"rendered":"https:\/\/www.lacittadeibambini.org\/archivo-historico-del-proyecto\/"},"modified":"2025-09-29T09:23:40","modified_gmt":"2025-09-29T09:23:40","slug":"archivo-historico-del-proyecto","status":"publish","type":"page","link":"https:\/\/lacittadeibambini.eu\/es\/archivo-historico-del-proyecto\/","title":{"rendered":"Archivo hist\u00f3rico del proyecto"},"content":{"rendered":"\n<h1>\n\t\tArchivo hist\u00f3rico del Proyecto Internacional &#8220;La ciudad de los ni\u00f1os&#8221;\n\t<\/h1>\n\t\t\t\t<img loading=\"lazy\" decoding=\"async\" src=\"https:\/\/i2.wp.com\/lacittadeibambini.eu\/wp-content\/uploads\/2024\/09\/archive_esp.jpg?resize=843%2C281&#038;ssl=1\" alt=\"archive_esp\" itemprop=\"image\" height=\"281\" width=\"843\" title=\"archive_esp\" onerror=\"this.style.display='none'\"  data-recalc-dims=\"1\" \/>\n\tEs posible acceder al <strong>archivo hist\u00f3rico<\/strong> del proyecto internacional &#8220;La ciudad de los ni\u00f1os&#8221;, para permitir el conocimiento y utilizaci\u00f3n del patrimonio documental y bibliogr\u00e1fico que se ha creado desde 1990 hasta la actualidad.<br \/>\nPor tanto, es posible consultar algunos documentos en formato digital a trav\u00e9s de la web.\n\n<p>Para iniciar sesi\u00f3n puede utilizar las siguientes credenciales:<\/p>\n<strong>Nombre de usuario<\/strong>: invitado<br \/>\n<strong>Contrase\u00f1a<\/strong>: guest_istc\n<p>Feliz navegaci\u00f3n.<\/p>\n\n","protected":false},"excerpt":{"rendered":"<p>Archivo hist\u00f3rico del Proyecto Internacional &#8220;La ciudad de los ni\u00f1os&#8221; Es posible acceder al archivo hist\u00f3rico del proyecto internacional &#8220;La ciudad de los ni\u00f1os&#8221;, para&hellip;<\/p>\n","protected":false},"author":14,"featured_media":0,"parent":0,"menu_order":0,"comment_status":"closed","ping_status":"closed","template":"","meta":{"spay_email":"","footnotes":""},"class_list":["post-4428","page","type-page","status-publish","hentry"],"jetpack_sharing_enabled":true,"jetpack_shortlink":"https:\/\/wp.me\/P9FMIQ-19q","_links":{"self":[{"href":"https:\/\/lacittadeibambini.eu\/es\/wp-json\/wp\/v2\/pages\/4428","targetHints":{"allow":["GET"]}}],"collection":[{"href":"https:\/\/lacittadeibambini.eu\/es\/wp-json\/wp\/v2\/pages"}],"about":[{"href":"https:\/\/lacittadeibambini.eu\/es\/wp-json\/wp\/v2\/types\/page"}],"author":[{"embeddable":true,"href":"https:\/\/lacittadeibambini.eu\/es\/wp-json\/wp\/v2\/users\/14"}],"replies":[{"embeddable":true,"href":"https:\/\/lacittadeibambini.eu\/es\/wp-json\/wp\/v2\/comments?post=4428"}],"version-history":[{"count":8,"href":"https:\/\/lacittadeibambini.eu\/es\/wp-json\/wp\/v2\/pages\/4428\/revisions"}],"predecessor-version":[{"id":5532,"href":"https:\/\/lacittadeibambini.eu\/es\/wp-json\/wp\/v2\/pages\/4428\/revisions\/5532"}],"wp:attachment":[{"href":"https:\/\/lacittadeibambini.eu\/es\/wp-json\/wp\/v2\/media?parent=4428"}],"curies":[{"name":"wp","href":"https:\/\/api.w.org\/{rel}","templated":true}]}}