{"id":4439,"date":"2024-06-19T07:39:42","date_gmt":"2024-06-19T07:39:42","guid":{"rendered":"https:\/\/www.lacittadeibambini.org\/30-anos\/"},"modified":"2025-09-29T09:22:56","modified_gmt":"2025-09-29T09:22:56","slug":"30-anos","status":"publish","type":"page","link":"https:\/\/lacittadeibambini.eu\/es\/30-anos\/","title":{"rendered":"30 A\u00f1os"},"content":{"rendered":"\n<h1>\n\t\t30 A\u00f1os del Projecto: 1991 -2021\n\t<\/h1>\n\t<p>Creer en el azar a veces vale la pena: mientras que en Roma el 27 de mayo de 1991 el Parlamento ratificaba la <a href=\"https:\/\/www.un.org\/es\/events\/childrenday\/pdf\/derechos.pdf\"><strong>Convenci\u00f3n de las Naciones Unidas sobre los derechos de los ni\u00f1os y los adolescentes<\/strong><\/a>, en <a href=\"https:\/\/cittadeibambini.comune.fano.pu.it\/\"><strong>Fano<\/strong><\/a> nac\u00eda &#8220;La ciudad de las ni\u00f1as y los ni\u00f1os&#8221;.<\/p>\n<p>El proyecto concebido por Francesco Tonucci tiene una intenci\u00f3n pol\u00edtica precisa: el protagonismo de los ni\u00f1os en el gobierno de la ciudad. Hacer del ni\u00f1o un par\u00e1metro de cambio implica un cambio de perspectiva para todos los actores sociales involucrados, en primer lugar los alcaldes y administradores locales.<\/p>\n<p>Son varias las ciudades italianas que se han sumado al proyecto en estos treinta a\u00f1os, construyendo una red internacional con Am\u00e9rica Latina, Espa\u00f1a y otros pa\u00edses. En este periodo de tiempo, la apuesta de la Red por la participaci\u00f3n de ni\u00f1os y ni\u00f1as y la urgencia de recuperar el espacio p\u00fablico para el juego libre se han traducido en propuestas como &#8220;<a href=\"https:\/\/www.lesgraes.com\/es\/libro\/consejo-de-los-ninos-el_6660250007\"><strong>El Consejo Infantil<\/strong><\/a>&#8220;, &#8220;En la escuela vamos solos&#8221;, &#8220;Planificaci\u00f3n participativa &#8220;.<\/p>\n\t\t\t\t<img loading=\"lazy\" decoding=\"async\" src=\"https:\/\/i0.wp.com\/lacittadeibambini.eu\/wp-content\/uploads\/2021\/11\/30-anni-che-giochiamo-per-voi.jpg?resize=843%2C661&#038;ssl=1\" alt=\"30 anni che giochiamo per voi\" itemprop=\"image\" height=\"661\" width=\"843\" title=\"30 anni che giochiamo per voi\" onerror=\"this.style.display='none'\"  data-recalc-dims=\"1\" \/>\n\t<p>El Laboratorio Internacional pens\u00f3 que la mejor manera de celebrar el aniversario del Proyecto es crear una serie de actividades e iniciativas para compartir con todos aquellos que durante los \u00faltimos 30 a\u00f1os se han dedicado a promover la participaci\u00f3n infantil dentro de sus ciudades, convirti\u00e9ndolas en ni\u00f1os- amigable.<\/p>\n<p>Una primera iniciativa fue reconstruir, desde diferentes perspectivas y mundos, las experiencias de las distintas ciudades involucrando directamente a los protagonistas que hicieron la historia de nuestro Proyecto: pol\u00edticos, acad\u00e9micos, militantes y otros. Los testimonios recibidos, que respondieron a la pregunta &#8220;\u00bfQu\u00e9 signific\u00f3 para m\u00ed el proyecto Ciudad de las ni\u00f1as y los ni\u00f1os?&#8221;, nos permitieron crear una colecci\u00f3n, que presentamos con la <a href=\"https:\/\/lacittadeibambini.eu\/wp-content\/uploads\/2021\/03\/Carta.pdf\"><strong>Carta<\/strong><\/a> (la carta en versi\u00f3n completa y traducida al italiano fue publicada en El libro de Francesco Tonucci &#8220;<a href=\"https:\/\/www.grao.com\/libros\/cuando-los-ninos-dicen-basta-29592\"><strong>\u00a1Si los ni\u00f1os dicen ya basta!<\/strong><\/a>&#8220;) que Hermes Binner, pol\u00edtico argentino y alcalde de la ciudad de Rosario, escribi\u00f3 a Francesco Tonucci en el a\u00f1o 2000. Es un documento precioso porque recoge las valoraciones de un alcalde, que no s\u00f3lo Desarroll\u00f3 el proyecto en su ciudad, pero lo extendi\u00f3 por su provincia, su pa\u00eds y toda la regi\u00f3n latinoamericana.<\/p>\n\t<strong>Calendario de iniciativas:<br \/>\n<\/strong><br \/>\n\u2192 <strong>24 Mayo\u00a0<\/strong><a href=\"https:\/\/lacittadeibambini.eu\/wp-content\/uploads\/2021\/05\/Colleci%CC%80on-de-los-testimonios-1.pdf\"><strong>Testimonios<\/strong><\/a>\u00a0de los protagonistas\n\n\n\n\n\n","protected":false},"excerpt":{"rendered":"<p>30 A\u00f1os del Projecto: 1991 -2021 Creer en el azar a veces vale la pena: mientras que en Roma el 27 de mayo de 1991&hellip;<\/p>\n","protected":false},"author":14,"featured_media":0,"parent":0,"menu_order":0,"comment_status":"closed","ping_status":"closed","template":"","meta":{"spay_email":"","footnotes":""},"class_list":["post-4439","page","type-page","status-publish","hentry"],"jetpack_sharing_enabled":true,"jetpack_shortlink":"https:\/\/wp.me\/P9FMIQ-19B","_links":{"self":[{"href":"https:\/\/lacittadeibambini.eu\/es\/wp-json\/wp\/v2\/pages\/4439","targetHints":{"allow":["GET"]}}],"collection":[{"href":"https:\/\/lacittadeibambini.eu\/es\/wp-json\/wp\/v2\/pages"}],"about":[{"href":"https:\/\/lacittadeibambini.eu\/es\/wp-json\/wp\/v2\/types\/page"}],"author":[{"embeddable":true,"href":"https:\/\/lacittadeibambini.eu\/es\/wp-json\/wp\/v2\/users\/14"}],"replies":[{"embeddable":true,"href":"https:\/\/lacittadeibambini.eu\/es\/wp-json\/wp\/v2\/comments?post=4439"}],"version-history":[{"count":8,"href":"https:\/\/lacittadeibambini.eu\/es\/wp-json\/wp\/v2\/pages\/4439\/revisions"}],"predecessor-version":[{"id":5530,"href":"https:\/\/lacittadeibambini.eu\/es\/wp-json\/wp\/v2\/pages\/4439\/revisions\/5530"}],"wp:attachment":[{"href":"https:\/\/lacittadeibambini.eu\/es\/wp-json\/wp\/v2\/media?parent=4439"}],"curies":[{"name":"wp","href":"https:\/\/api.w.org\/{rel}","templated":true}]}}