{"id":4476,"date":"2024-06-27T14:28:15","date_gmt":"2024-06-27T14:28:15","guid":{"rendered":"https:\/\/www.lacittadeibambini.org\/actividad-investigadora\/"},"modified":"2025-07-24T11:16:31","modified_gmt":"2025-07-24T11:16:31","slug":"actividad-investigadora","status":"publish","type":"page","link":"https:\/\/lacittadeibambini.eu\/es\/actividad-investigadora\/","title":{"rendered":"Actividad investigadora"},"content":{"rendered":"\n<h1>\n\t\tActividad investigadora\n\t<\/h1>\n\t<p>En esta secci\u00f3n es posible acceder a <strong>libros<\/strong>, <strong>herramientas de investigaci\u00f3n<\/strong>, <strong>art\u00edculo scient\u00edficos<\/strong> e <strong>informes t\u00e9cnicos<\/strong>, creados a lo largo de los a\u00f1os por el grupo de investigaci\u00f3n internacional. Finalmente, es posible consultar una <strong>bibliograf\u00eda actualizada<\/strong> sobre los principales temas del proyecto.<\/p>\n<h1>\n\t\t Libros\n\t<\/h1>\n\t\t\t\t<a href=\"https:\/\/www.grao.com\/libros\/la-ciudad-de-los-ninos-27252\" target=\"_blank\" rel=\"noopener\" itemprop=\"url\">\n\t\t\t\t<img loading=\"lazy\" decoding=\"async\" src=\"https:\/\/i0.wp.com\/lacittadeibambini.eu\/wp-content\/uploads\/2024\/07\/la_ciudad_de_los_ninos.jpg?resize=300%2C300&#038;ssl=1\" alt=\"la_ciudad_de_los_ninos\" itemprop=\"image\" height=\"300\" width=\"300\" title=\"la_ciudad_de_los_ninos\" onerror=\"this.style.display='none'\" data-recalc-dims=\"1\">\n\t\t\t\t<\/a>\n\t\n\t\t\t\t<a href=\"https:\/\/www.grao.cat\/llibres\/quan-els-infants-diuen-prou-706\" target=\"_blank\" rel=\"noopener\" itemprop=\"url\">\n\t\t\t\t<img loading=\"lazy\" decoding=\"async\" src=\"https:\/\/i1.wp.com\/lacittadeibambini.eu\/wp-content\/uploads\/2024\/07\/quand_els_enfants.jpg?resize=300%2C300&#038;ssl=1\" alt=\"quand_els_enfants\" itemprop=\"image\" height=\"300\" width=\"300\" title=\"quand_els_enfants\" onerror=\"this.style.display='none'\" data-recalc-dims=\"1\">\n\t\t\t\t<\/a>\n\t<strong><a href=\"https:\/\/www.grao.cat\/llibres\/quan-els-infants-diuen-prou-706\" target=\"_blank\" rel=\"noopener\">Quan els infants diuen PROU!<\/a><br>\n<\/strong>\n\t\t\t\t<a href=\"https:\/\/editoriallosada.com\/libro\/la-ciudad-de-los-ninos\/\" target=\"_blank\" rel=\"noopener\" itemprop=\"url\">\n\t\t\t\t<img loading=\"lazy\" decoding=\"async\" src=\"https:\/\/i1.wp.com\/lacittadeibambini.eu\/wp-content\/uploads\/2024\/07\/la_ciudad_.jpg?resize=300%2C300&#038;ssl=1\" alt=\"la_ciudad_\" itemprop=\"image\" height=\"300\" width=\"300\" title=\"la_ciudad_\" onerror=\"this.style.display='none'\" data-recalc-dims=\"1\">\n\t\t\t\t<\/a>\n\t<strong><a href=\"https:\/\/editoriallosada.com\/libro\/la-ciudad-de-los-ninos\/\" target=\"_blank\" rel=\"noopener\">La ciudad de los ni\u00f1os<br>\nUn modo nuevo de pensar<br>\nla ciudad<\/a><\/strong>\n\t\t\t\t<a href=\"https:\/\/editoriallosada.com\/libro\/cuando-los-ninos-dicen-basta\/\" target=\"_blank\" rel=\"noopener\" itemprop=\"url\">\n\t\t\t\t<img loading=\"lazy\" decoding=\"async\" src=\"https:\/\/i0.wp.com\/lacittadeibambini.eu\/wp-content\/uploads\/2024\/07\/los_ninos_dicen_basta.jpg?resize=300%2C300&#038;ssl=1\" alt=\"los_ninos_dicen_basta\" itemprop=\"image\" height=\"300\" width=\"300\" title=\"los_ninos_dicen_basta\" onerror=\"this.style.display='none'\" data-recalc-dims=\"1\">\n\t\t\t\t<\/a>\n\t<a href=\"https:\/\/editoriallosada.com\/libro\/cuando-los-ninos-dicen-basta\/\" target=\"_blank\" rel=\"noopener\"><strong>Cuando los ni\u00f1os<\/strong><\/a><br>\n<a href=\"https:\/\/editoriallosada.com\/libro\/cuando-los-ninos-dicen-basta\/\"><strong>dicen: \u00a1Basta!<\/strong><\/a>\n\t\t\t\t<a href=\"https:\/\/editoriallosada.com\/libro\/puede-un-virus-cambiar-la-escuela\/\" target=\"_blank\" rel=\"noopener\" itemprop=\"url\">\n\t\t\t\t<img loading=\"lazy\" decoding=\"async\" src=\"https:\/\/i2.wp.com\/lacittadeibambini.eu\/wp-content\/uploads\/2024\/07\/puede_un_virus_cambiar_la_escuela.jpg?resize=300%2C300&#038;ssl=1\" alt=\"puede_un_virus_cambiar_la_escuela\" itemprop=\"image\" height=\"300\" width=\"300\" title=\"puede_un_virus_cambiar_la_escuela\" onerror=\"this.style.display='none'\" data-recalc-dims=\"1\">\n\t\t\t\t<\/a>\n\t<strong><a href=\"https:\/\/editoriallosada.com\/libro\/puede-un-virus-cambiar-la-escuela\/\" target=\"_blank\" rel=\"noopener\">\u00bfPuede un VIRUS<br>\ncambiar la ESCUELA?<\/a><\/strong>\n\t\t\t\t<a href=\"https:\/\/editoriallosada.com\/libro\/manual-de-guerrilla-urbana\/\" target=\"_blank\" rel=\"noopener\" itemprop=\"url\">\n\t\t\t\t<img loading=\"lazy\" decoding=\"async\" src=\"https:\/\/i2.wp.com\/lacittadeibambini.eu\/wp-content\/uploads\/2024\/07\/manual_de_guerrilla_urbana.jpg?resize=300%2C300&#038;ssl=1\" alt=\"manual_de_guerrilla_urbana\" itemprop=\"image\" height=\"300\" width=\"300\" title=\"manual_de_guerrilla_urbana\" onerror=\"this.style.display='none'\" data-recalc-dims=\"1\">\n\t\t\t\t<\/a>\n\t<a href=\"https:\/\/editoriallosada.com\/libro\/manual-de-guerrilla-urbana\/\" target=\"_blank\" rel=\"noopener\"><strong>Manual de guerrilla urbana<br>\n<\/strong><strong>Para ni\u00f1as y ni\u00f1os que quieren conocer<br>\n<\/strong><strong>y defender sus derechos<\/strong><\/a>\n<h1>\n\t\tHerramientas de investigaci\u00f3n\n\t<\/h1>\n<h4>\n\t\tCuestionarios para medir la autonom\u00eda de viaje de los ni\u00f1os\n\t<\/h4>\n\tPara medir el nivel de autonom\u00eda de viaje de los ni\u00f1os, antes del inicio de la experiencia &#8220;Vamos solos al colegio&#8221;, nuestro grupo de investigaci\u00f3n desarroll\u00f3 un cuestionario que investiga el nivel de movilidad aut\u00f3noma tanto durante el hogar &#8211; escuela como en cursos extraescolares.<br>\nEl cuestionario que se administrar\u00e1 al inicio de la experiencia se denomina <strong>Cuestionario Pre Test<\/strong> y est\u00e1 dirigido a los ni\u00f1os y sus respectivos padres. Al final del primer a\u00f1o de experimentaci\u00f3n y al final de cada uno de los a\u00f1os siguientes, se administra un <strong>Cuestionario Post Test (nuevamente para ni\u00f1os y padres)<\/strong>, que medir\u00e1 el progreso de la autonom\u00eda de viaje y la efectividad de la experiencia propuesta.\nLas ciudades que inicien la experiencia &#8220;Vamos solos al colegio&#8221; pueden solicitar los cuestionarios escribiendo un correo electr\u00f3nico a <strong><a href=\"mailto:citta.bambini@istc.cnr.it\" target=\"_blank\" rel=\"noopener\">citta.bambini@istc.cnr.it<\/a><\/strong> o rellenando el formulario de la secci\u00f3n de <strong><a href=\"https:\/\/lacittadeibambini.eu\/es\/contactos\/\" target=\"_blank\" rel=\"noopener\">contacto<\/a><\/strong>.<br>\nTambi\u00e9n est\u00e1n disponibles las instrucciones para la correcta administraci\u00f3n y cumplimentaci\u00f3n de los cuestionarios.\n<p>&nbsp;<\/p>\n\n<h1>\n\t\tReferencias bibliogr\u00e1ficas\n\t<\/h1>\n\t\n\n<h1>\n\t\tArt\u00edculo scient\u00edficos\n\t<\/h1>\n<h1>\n\t\tInformes t\u00e9cnicos de investigaci\u00f3n\n\t<\/h1>\n","protected":false},"excerpt":{"rendered":"<p>Actividad investigadora En esta secci\u00f3n es posible acceder a libros, herramientas de investigaci\u00f3n, art\u00edculo scient\u00edficos e informes t\u00e9cnicos, creados a lo largo de los a\u00f1os&hellip;<\/p>\n","protected":false},"author":6,"featured_media":0,"parent":0,"menu_order":0,"comment_status":"closed","ping_status":"closed","template":"","meta":{"spay_email":"","footnotes":""},"class_list":["post-4476","page","type-page","status-publish","hentry"],"jetpack_sharing_enabled":true,"jetpack_shortlink":"https:\/\/wp.me\/P9FMIQ-1ac","_links":{"self":[{"href":"https:\/\/lacittadeibambini.eu\/es\/wp-json\/wp\/v2\/pages\/4476","targetHints":{"allow":["GET"]}}],"collection":[{"href":"https:\/\/lacittadeibambini.eu\/es\/wp-json\/wp\/v2\/pages"}],"about":[{"href":"https:\/\/lacittadeibambini.eu\/es\/wp-json\/wp\/v2\/types\/page"}],"author":[{"embeddable":true,"href":"https:\/\/lacittadeibambini.eu\/es\/wp-json\/wp\/v2\/users\/6"}],"replies":[{"embeddable":true,"href":"https:\/\/lacittadeibambini.eu\/es\/wp-json\/wp\/v2\/comments?post=4476"}],"version-history":[{"count":29,"href":"https:\/\/lacittadeibambini.eu\/es\/wp-json\/wp\/v2\/pages\/4476\/revisions"}],"predecessor-version":[{"id":5506,"href":"https:\/\/lacittadeibambini.eu\/es\/wp-json\/wp\/v2\/pages\/4476\/revisions\/5506"}],"wp:attachment":[{"href":"https:\/\/lacittadeibambini.eu\/es\/wp-json\/wp\/v2\/media?parent=4476"}],"curies":[{"name":"wp","href":"https:\/\/api.w.org\/{rel}","templated":true}]}}