{"id":4517,"date":"2024-07-01T17:30:28","date_gmt":"2024-07-01T17:30:28","guid":{"rendered":"https:\/\/www.lacittadeibambini.org\/diritto-al-gioco\/"},"modified":"2025-02-19T16:32:18","modified_gmt":"2025-02-19T16:32:18","slug":"derecho-al-juego","status":"publish","type":"page","link":"https:\/\/lacittadeibambini.eu\/es\/derecho-al-juego\/","title":{"rendered":"Derecho al juego"},"content":{"rendered":"\n<h1>\n\t\tDerecho al juego\n\t<\/h1>\n<h2>\n\t\tEl derecho a dedicarse a jugar, art\u00edculo 31\n\t<\/h2>\n\t<p>La Convenci\u00f3n de la ONU sobre los derechos de la infancia de 1989 afirma que los ni\u00f1os tienen derecho a la educaci\u00f3n (art.28) y tienen derecho a descansar y a realizar actividades recreativas propias de su edad (art. 31): dos derechos de igual peso e igual importancia. De ah\u00ed que si durante nueve meses del a\u00f1o los d\u00edas laborables se dedican al colegio tambi\u00e9n el\u00a0<strong>tiempo<\/strong>\u00a0<strong>libre<\/strong>\u00a0sea fundamental para el desarrollo de las ni\u00f1as y de los ni\u00f1os.<\/p>\n<p>Pero los peque\u00f1os saben que no es as\u00ed. El\u00a0<strong>derecho al estudio<\/strong>\u00a0y el\u00a0<strong>derecho al juego<\/strong>\u00a0no tienen la misma importancia para los adultos, porque al colegio hay que ir todos los d\u00edas y durante las tardes y las vacaciones hay que hacer los\u00a0<strong>deberes<\/strong>.<\/p>\n<p>A menudo no queda tiempo para jugar, como dijo\u00a0<strong>Silvia<\/strong>, una ni\u00f1a del Consejo de los ni\u00f1os de Roma, &#8220;Para los profesores el estudio es importante porque nos prepara para el futuro, en cambio jugar es algo que se hace solo cuando eres peque\u00f1o y por eso no cuenta nada&#8221;.<\/p>\n\t\t\t\t<img loading=\"lazy\" decoding=\"async\" src=\"https:\/\/i1.wp.com\/lacittadeibambini.eu\/wp-content\/uploads\/2018\/02\/Art.-31.jpg?resize=843%2C738&#038;ssl=1\" alt=\"Art. 31\" itemprop=\"image\" height=\"738\" width=\"843\" title=\"Art. 31\" onerror=\"this.style.display='none'\"  data-recalc-dims=\"1\" \/>\n<h2>\n\t\tLa opini\u00f3n de la ciencia\n\t<\/h2>\n\t<p>La ciencia no comparte la opini\u00f3n de la mayor parte de los adultos. Seg\u00fan los estudios sobre el desarrollo cognitivo es precisamente durante los primeros d\u00edas, los primeros meses y los primeros a\u00f1os cuando el desarrollo es m\u00e1s r\u00e1pido y m\u00e1s importante. Antes de que un ni\u00f1o o una ni\u00f1a entren por primera vez en un aula escolar los cimientos sobre los cuales se construir\u00e1n todos los conocimientos sucesivos ya han sido colocados. Precisamente este fundamental trabajo cognitivo y social se produce gracias al\u00a0<strong>juego<\/strong>.<\/p>\n<p>Jugando los ni\u00f1os viven una experiencia singular en la vida de los seres humanos:\u00a0<strong>enfrentarse solos a la complejidad del mundo<\/strong>. Jugar significa construirse cada vez un trocito de este mundo: un trocito que incluir\u00e1 a un amigo, algunos objetos, algunas reglas, un espacio que ocupar, un tiempo que gestionar, riesgos que correr. Con una\u00a0<strong>libertad<\/strong>\u00a0total, porque todo lo que no se pueda hacer se puede inventar. Y el motor que dinamiza esta experiencia es el m\u00e1s potente que conoce el ser humano: el\u00a0<strong>placer<\/strong>.<\/p>\n<h2>\n\t\tQu\u00e9 significa jugar\n\t<\/h2>\n\t<p>Para que las ni\u00f1as y los ni\u00f1os puedan vivir plenamente la experiencia de juego tienen que cumplirse algunas\u00a0<strong>condiciones<\/strong>. Los ni\u00f1os deben poder ser suficientemente aut\u00f3nomos, tener tiempo libre que gestionar, poder elegir un lugar adecuado para el juego y compartir todas estas condiciones junto a otros ni\u00f1os.\u00a0 Es necesario poder salir de casa sin ser acompa\u00f1ados, buscar amigas y amigos y dedicar al juego tiempo libre, exento de cualquier otra responsabilidad, en un lugar adecuado.<\/p>\n\t\t\t\t<img loading=\"lazy\" decoding=\"async\" src=\"https:\/\/i2.wp.com\/lacittadeibambini.eu\/wp-content\/uploads\/2018\/02\/Postogioco.jpg?resize=843%2C871&#038;ssl=1\" alt=\"Postogioco\" itemprop=\"image\" height=\"871\" width=\"843\" title=\"Postogioco\" onerror=\"this.style.display='none'\"  data-recalc-dims=\"1\" \/>\n\t<p>Jugar significa vivir la experiencia de la aventura, del descubrimiento, del obst\u00e1culo y del riesgo.\u00a0 El placer de lograr hacer hoy lo que ayer no se consegu\u00eda hacer o la frustraci\u00f3n de no lograrlo. A la pregunta &#8220;\u00bfqu\u00e9 es el juego para un ni\u00f1o?&#8221; la pediatra y psicoanalista infantil\u00a0<strong>Fran\u00e7oise Dolto<\/strong>\u00a0respondi\u00f3: &#8220;Dir\u00eda que es disfrutar de la realizaci\u00f3n de un deseo a trav\u00e9s de los riesgos&#8221;.\u00a0 El riesgo, componente esencial del juego, no ser\u00eda posible si hubiese un adulto presente que acompa\u00f1a y vigila. Naturalmente, esta experiencia necesariamente libre y aut\u00f3noma se vive seg\u00fan\u00a0<strong>reglas<\/strong>\u00a0temporales, espaciales y sociales definidas por la familia. Por esto tambi\u00e9n\u00a0<strong>compartir<\/strong>\u00a0es importante: cuando vuelvan a casa cansados y quiz\u00e1s sucios, los ni\u00f1os tendr\u00e1n muchas cosas que contar.<\/p>\n<h2>\n\t\tEl juego y el colegio\n\t<\/h2>\n\t<p>Tambi\u00e9n el colegio deber\u00eda interesarse en la\u00a0<strong>experiencia de juego<\/strong>\u00a0de sus alumnos; solo si pueden transcurrir jugando tardes, fines de semana y vacaciones los ni\u00f1os tendr\u00e1n un patrimonio de experiencias nuevas que llevar al colegio como material de trabajo: observaciones, descubrimientos, sorpresas y maravillas.<\/p>\n<p>Para poder contribuir, el colegio no deber\u00e1 ocupar el tiempo libre de los ni\u00f1os con deberes para casa si no dejar tambi\u00e9n espacio al\u00a0<strong>juego<\/strong>\u00a0como elemento fundamental de crecimiento.<\/p>\n<h2>\n\t\tUna ciudad para jugar\n\t<\/h2>\n\t<p>Una ciudad que quiere desarrollar una pol\u00edtica en favor de la infancia, teniendo a los ni\u00f1os como par\u00e1metro, debe asumir el derecho al juego como uno de sus compromisos prioritarios. Un compromiso que se realiza a distintos niveles:<\/p>\n<ul>\n<li>Un primer nivel\u00a0<strong>normativo y jur\u00eddico<\/strong>: la ciudad debe favorecer la posibilidad de jugar de los ni\u00f1os, sin limitar el juego ni prohibirlo, controlando que no haya prohibiciones ni limitaciones en los reglamentos de las comunidades de propietarios. Sirva como ejemplo un cartel encontrado en Miraflores de Lima, en Per\u00fa qu\u00e9 dice: &#8220;Prohibido jugar pelota excepto ni\u00f1os y ni\u00f1as&#8221;.<\/li>\n<li>Un segundo nivel es\u00a0<strong>el de la movilidad<\/strong>: con valent\u00eda hay que privilegiar a los peatones respecto a los autom\u00f3viles y hay que definir de nuevo el dise\u00f1o de las calles y de las aceras, de modo que sea f\u00e1cil y seguro para todos, empezando por los ni\u00f1os, salir de casa y desplazarse solos por el espacio urbano.<\/li>\n<li>Un tercer nivel es\u00a0<strong>el urban\u00edstico<\/strong>: renunciando a los espacios de juego estereotipados, cerrados, dedicados a los ni\u00f1os, para ofrecer a los ciudadanos espacios p\u00fablicos bellos, interesantes, que todos puedan utilizar diferentemente seg\u00fan las propias exigencias. En esta ciudad disminuir\u00e1n los miedos de las familias y los ni\u00f1os podr\u00e1n salir con sus amigos para ir al colegio por la ma\u00f1ana y para ir a jugar por la tarde. Por otra parte, los ni\u00f1os, con su presencia, estimular\u00e1n en los adultos una mayor atenci\u00f3n y participaci\u00f3n haciendo la ciudad m\u00e1s segura y mejor.<\/li>\n<\/ul>\n\t\t\t\t<img loading=\"lazy\" decoding=\"async\" src=\"https:\/\/i2.wp.com\/lacittadeibambini.eu\/wp-content\/uploads\/2025\/02\/miraflores.jpg?resize=512%2C751&#038;ssl=1\" alt=\"miraflores\" itemprop=\"image\" height=\"751\" width=\"512\" title=\"miraflores\" onerror=\"this.style.display='none'\"  data-recalc-dims=\"1\" \/>\n<h3>\n\t\tEn Concreto\n\t<\/h3>\n\t<p>Un modo para favorecer el juego de los ni\u00f1os en la ciudad puede ser la instituci\u00f3n de &#8220;<strong>El d\u00eda del Juego<\/strong>&#8220;, una idea que naci\u00f3 el 29 de diciembre de 1997 en el Consejo de los ni\u00f1os de\u00a0<strong>Rosario<\/strong>, en Argentina, qu\u00e9 descubri\u00f3 jugando que la ciudad necesitaba un d\u00eda en el que ni\u00f1os y los adultos se dedicasen a jugar, a vivir y a convivir. Desde que fue aprobado por el Consejo Municipal &#8220;El d\u00eda del Juego y de la Convivencia&#8221; se celebra\u00a0<strong>el primer mi\u00e9rcoles del mes de octubre<\/strong>.<\/p>\n<p>Tambi\u00e9n Roma y San Giorgio a Cremano (Na) han promovido iniciativas similares. En\u00a0<strong>Roma<\/strong>\u00a0&#8220;Il Giorno del Gioco&#8221; fue instituido por la Junta Municipal el 17 de noviembre de 2004 bajo petici\u00f3n del Consejo de los ni\u00f1os. Las autoridades municipales de la ciudad de\u00a0<strong>San Giorgio a Cremano<\/strong>\u00a0( N\u00e1poles), con\u00a0<strong>resoluci\u00f3n de Junta Municipal num. 295 del 22\/09\/2006<\/strong>\u00a0declar\u00f3 &#8220;Il Giorno del Gioco&#8221; una cita fija con frecuencia anual, establecida cada segundo mi\u00e9rcoles del mes de mayo y dedicada enteramente a actividades l\u00fadico recreativas.<\/p>\n<h3>\n\t\tPerspectivas\n\t<\/h3>\n\t<p>\u2192\u00a0<a href=\"https:\/\/www.youtube.com\/watch?v=njZ1zs35hE0\"><strong>El d\u00eda del juego de Rosario<\/strong><\/a>\u00a0nel 1998 il primo Consiglio dei bambini del Comune di Rosario scopr\u00ec giocando che la citt\u00e0 aveva bisogno di un giorno in cui bambini ed adulti si dedicassero a giocare, vivere e convivere.<\/p>\n\n\n<p>\u2192\u00a0<a href=\"http:\/\/imaginelephants.com\/es\/\" target=\"_blank\" rel=\"noopener\"><strong>Video sobre la importancia del juego durante la infancia<\/strong><\/a>: de\u00a0<strong><em>Imaginelephants<\/em><\/strong>\u00a0un v\u00eddeo sobre la importancia del juego libre de los ni\u00f1os que incluye entrevistas a m\u00e1s de 30 expertos en temas educativos, psic\u00f3logos e investigadores.<\/p>\n\n\n<h3>\n\t\tArt\u00edculos sobre el tema del derecho al juego\n\t<\/h3>\n\n","protected":false},"excerpt":{"rendered":"<p>Derecho al juego El derecho a dedicarse a jugar, art\u00edculo 31 La Convenci\u00f3n de la ONU sobre los derechos de la infancia de 1989 afirma&hellip;<\/p>\n","protected":false},"author":14,"featured_media":0,"parent":0,"menu_order":0,"comment_status":"closed","ping_status":"closed","template":"","meta":{"spay_email":"","footnotes":""},"class_list":["post-4517","page","type-page","status-publish","hentry"],"jetpack_sharing_enabled":true,"jetpack_shortlink":"https:\/\/wp.me\/P9FMIQ-1aR","_links":{"self":[{"href":"https:\/\/lacittadeibambini.eu\/es\/wp-json\/wp\/v2\/pages\/4517","targetHints":{"allow":["GET"]}}],"collection":[{"href":"https:\/\/lacittadeibambini.eu\/es\/wp-json\/wp\/v2\/pages"}],"about":[{"href":"https:\/\/lacittadeibambini.eu\/es\/wp-json\/wp\/v2\/types\/page"}],"author":[{"embeddable":true,"href":"https:\/\/lacittadeibambini.eu\/es\/wp-json\/wp\/v2\/users\/14"}],"replies":[{"embeddable":true,"href":"https:\/\/lacittadeibambini.eu\/es\/wp-json\/wp\/v2\/comments?post=4517"}],"version-history":[{"count":5,"href":"https:\/\/lacittadeibambini.eu\/es\/wp-json\/wp\/v2\/pages\/4517\/revisions"}],"predecessor-version":[{"id":5232,"href":"https:\/\/lacittadeibambini.eu\/es\/wp-json\/wp\/v2\/pages\/4517\/revisions\/5232"}],"wp:attachment":[{"href":"https:\/\/lacittadeibambini.eu\/es\/wp-json\/wp\/v2\/media?parent=4517"}],"curies":[{"name":"wp","href":"https:\/\/api.w.org\/{rel}","templated":true}]}}