{"id":4552,"date":"2024-07-05T14:31:24","date_gmt":"2024-07-05T14:31:24","guid":{"rendered":"https:\/\/www.lacittadeibambini.org\/los-peatones-primero\/"},"modified":"2024-09-26T11:14:04","modified_gmt":"2024-09-26T11:14:04","slug":"los-peatones-primero","status":"publish","type":"page","link":"https:\/\/lacittadeibambini.eu\/es\/los-peatones-primero\/","title":{"rendered":"Los peatones primero"},"content":{"rendered":"\n<h1>\n\t\t\u00a1Los peatones primero!\n\t<\/h1>\n\t<p>La campa\u00f1a &#8220;\u00a1Los peatones primero!&#8221; naci\u00f3 de una propuesta del <strong>Consejo de los Ni\u00f1os de Roma<\/strong>, solicitado por el alcalde Walter Veltroni en 2001. Las ni\u00f1as y los ni\u00f1os pidieron permiso al alcalde para dejar la casa en paz y as\u00ed intervenir en la ciudad, haci\u00e9ndola menos peligrosa: modificando el calles, intersecciones y corregir el comportamiento de los automovilistas.<\/p>\n<p>Los ni\u00f1os se comprometieron a utilizar las <strong>multas infantiles<\/strong> y a educar a sus padres sobre el respeto de los <strong>derechos de los peatones<\/strong>. A trav\u00e9s de la campa\u00f1a &#8220;\u00a1Los peatones primero!&#8221; los ni\u00f1os desarrollaron propuestas para reeducar a los adultos a respetar los derechos de los peatones y en particular a respetar el art. 191 del C\u00f3digo de Circulaci\u00f3n, que determina la precedencia de los peatones en los pasos de peatones. Estudiaron el mal comportamiento de los automovilistas, utilizaron la multa moral para sancionarlos, inventaron lemas y carteles para promover la transici\u00f3n de una pol\u00edtica de autom\u00f3viles a una pol\u00edtica de peatones.<\/p>\n<h3>\n\t\tPerspectivas\n\t<\/h3>\n\t\n\n\n","protected":false},"excerpt":{"rendered":"<p>\u00a1Los peatones primero! La campa\u00f1a &#8220;\u00a1Los peatones primero!&#8221; naci\u00f3 de una propuesta del Consejo de los Ni\u00f1os de Roma, solicitado por el alcalde Walter Veltroni&hellip;<\/p>\n","protected":false},"author":6,"featured_media":0,"parent":0,"menu_order":0,"comment_status":"closed","ping_status":"closed","template":"","meta":{"spay_email":"","footnotes":""},"class_list":["post-4552","page","type-page","status-publish","hentry"],"jetpack_sharing_enabled":true,"jetpack_shortlink":"https:\/\/wp.me\/P9FMIQ-1bq","_links":{"self":[{"href":"https:\/\/lacittadeibambini.eu\/es\/wp-json\/wp\/v2\/pages\/4552","targetHints":{"allow":["GET"]}}],"collection":[{"href":"https:\/\/lacittadeibambini.eu\/es\/wp-json\/wp\/v2\/pages"}],"about":[{"href":"https:\/\/lacittadeibambini.eu\/es\/wp-json\/wp\/v2\/types\/page"}],"author":[{"embeddable":true,"href":"https:\/\/lacittadeibambini.eu\/es\/wp-json\/wp\/v2\/users\/6"}],"replies":[{"embeddable":true,"href":"https:\/\/lacittadeibambini.eu\/es\/wp-json\/wp\/v2\/comments?post=4552"}],"version-history":[{"count":5,"href":"https:\/\/lacittadeibambini.eu\/es\/wp-json\/wp\/v2\/pages\/4552\/revisions"}],"predecessor-version":[{"id":5020,"href":"https:\/\/lacittadeibambini.eu\/es\/wp-json\/wp\/v2\/pages\/4552\/revisions\/5020"}],"wp:attachment":[{"href":"https:\/\/lacittadeibambini.eu\/es\/wp-json\/wp\/v2\/media?parent=4552"}],"curies":[{"name":"wp","href":"https:\/\/api.w.org\/{rel}","templated":true}]}}