{"id":5677,"date":"2025-10-07T02:14:30","date_gmt":"2025-10-07T02:14:30","guid":{"rendered":"https:\/\/lacittadeibambini.eu\/?page_id=5677"},"modified":"2025-10-07T02:24:03","modified_gmt":"2025-10-07T02:24:03","slug":"quienes-somos-copy","status":"publish","type":"page","link":"https:\/\/lacittadeibambini.eu\/es\/quienes-somos-copy\/","title":{"rendered":"Yo salgo a jugar"},"content":{"rendered":"\n<h1>\n\t\t\tLa campa\u00f1a yo salgo a jugar\t<\/h1>\n\t<p>En esta nueva secci\u00f3n del sitio pueden seguir los avances de la <strong>CAMPA\u00d1A &#8220;YO SALGO A JUGAR&#8221;<\/strong>.<\/p>\nQuienes est\u00e9n interesados\/as en adherirse a la campa\u00f1a pueden contactar a:<br \/>\nla referente de la red italiana <strong>Marica Notte<\/strong> &#8211;\u00a0<a href=\"mailto:marica.notte@istc.cnr.it\" target=\"_blank\" rel=\"noreferrer noopener\">marica.notte@istc.cnr.it<\/a><br \/>\no escribir al <strong>Laboratorio internacional &#8211; <\/strong><a href=\"mailto:citta.bambini@istc.cnr.it\" target=\"_blank\" rel=\"noreferrer noopener\">citta.bambini@istc.cnr.it<\/a>\n<p>Un a\u00f1o despu\u00e9s del seminario web realizado por el <strong><a href=\"https:\/\/novedades.iinadmin.com\/juego-y-salud\/\">Instituto Interamericano del Ni\u00f1o, la Ni\u00f1a y Adolescentes de la Organizaci\u00f3n de los Estados Americanos IIN-OEA<\/a><\/strong>, en colaboraci\u00f3n con la <strong><a href=\"https:\/\/francescotonucci.org\/\">Asociaci\u00f3n de Promoci\u00f3n Social Francesco Tonucci<\/a><\/strong>, el 8 de abril tambi\u00e9n se lanz\u00f3 en Italia la CAMPA\u00d1A &#8220;YO SALGO A JUGAR&#8221;.<\/p>\n<p>El objetivo de esta campa\u00f1a es llamar fuertemente la atenci\u00f3n sobre la necesidad de la autonom\u00eda de movimiento y el derecho al juego libre de los ni\u00f1os y ni\u00f1as, especialmente en un momento en que el uso de dispositivos digitales est\u00e1 afectando su bienestar psicof\u00edsico y su capacidad de vivir relaciones sociales reales.<\/p>\n<p>Para lograr el objetivo de la campa\u00f1a, nos dirigimos principalmente a los alcaldes de las ciudades que forman parte de la red, pero tambi\u00e9n a otros actores que trabajan para garantizar el protagonismo infantil y la protecci\u00f3n del Derecho al Juego (Art. 31 de la Convenci\u00f3n de la ONU).<\/p>\n<p><b>Material promocional de la campa\u00f1a:<\/b><\/p>\n<ul>\n<li aria-level=\"1\">Motivaciones de la campa\u00f1a indicadas en este <a href=\"https:\/\/lacittadeibambini.eu\/wp-content\/uploads\/2025\/04\/Documento-Campagna-_Io-esco-a-giocare_.pdf\"><strong>Documento<\/strong><\/a><\/li>\n<li aria-level=\"1\"><strong><a href=\"https:\/\/www.youtube.com\/watch?v=RxqetqUf4nQ\">Grabaci\u00f3n del seminario web italiano<\/a><\/strong><\/li>\n<li aria-level=\"1\">Vi\u00f1etas oficiales de la campa\u00f1a realizadas por FRATO<\/li>\n<\/ul>\n\t\t\t\t<img decoding=\"async\" src=\"https:\/\/i1.wp.com\/lacittadeibambini.eu\/wp-content\/uploads\/2025\/04\/1vignetta.jpg?resize=843%2C1012&#038;ssl=1\" alt=\"1vignetta\" itemprop=\"image\" height=\"1012\" width=\"843\" title=\"1vignetta\" onerror=\"this.style.display='none'\" loading=\"lazy\" data-recalc-dims=\"1\" \/>\n\n","protected":false},"excerpt":{"rendered":"<p>La campa\u00f1a yo salgo a jugar En esta nueva secci\u00f3n del sitio pueden seguir los avances de la CAMPA\u00d1A &#8220;YO SALGO A JUGAR&#8221;. Quienes est\u00e9n&hellip;<\/p>\n","protected":false},"author":14,"featured_media":0,"parent":0,"menu_order":0,"comment_status":"closed","ping_status":"closed","template":"","meta":{"spay_email":"","footnotes":""},"class_list":["post-5677","page","type-page","status-publish","hentry"],"jetpack_sharing_enabled":true,"jetpack_shortlink":"https:\/\/wp.me\/P9FMIQ-1tz","_links":{"self":[{"href":"https:\/\/lacittadeibambini.eu\/es\/wp-json\/wp\/v2\/pages\/5677","targetHints":{"allow":["GET"]}}],"collection":[{"href":"https:\/\/lacittadeibambini.eu\/es\/wp-json\/wp\/v2\/pages"}],"about":[{"href":"https:\/\/lacittadeibambini.eu\/es\/wp-json\/wp\/v2\/types\/page"}],"author":[{"embeddable":true,"href":"https:\/\/lacittadeibambini.eu\/es\/wp-json\/wp\/v2\/users\/14"}],"replies":[{"embeddable":true,"href":"https:\/\/lacittadeibambini.eu\/es\/wp-json\/wp\/v2\/comments?post=5677"}],"version-history":[{"count":4,"href":"https:\/\/lacittadeibambini.eu\/es\/wp-json\/wp\/v2\/pages\/5677\/revisions"}],"predecessor-version":[{"id":5688,"href":"https:\/\/lacittadeibambini.eu\/es\/wp-json\/wp\/v2\/pages\/5677\/revisions\/5688"}],"wp:attachment":[{"href":"https:\/\/lacittadeibambini.eu\/es\/wp-json\/wp\/v2\/media?parent=5677"}],"curies":[{"name":"wp","href":"https:\/\/api.w.org\/{rel}","templated":true}]}}