{"id":867,"date":"2018-03-06T14:54:24","date_gmt":"2018-03-06T14:54:24","guid":{"rendered":"https:\/\/www.lacittadeibambini.org\/autonomia\/"},"modified":"2025-10-07T02:37:59","modified_gmt":"2025-10-07T02:37:59","slug":"autonomia","status":"publish","type":"page","link":"https:\/\/lacittadeibambini.eu\/es\/autonomia\/","title":{"rendered":"Autonom\u00eda"},"content":{"rendered":"\n<h1>\n\t\t\tLa autonom\u00eda de movimiento: una necesidad para los ni\u00f1os y un recurso para las ciudades\t<\/h1>\n\t<p>La <strong>autonom\u00eda de movimientos<\/strong> es uno de los principales objetivos del <strong>Proyecto &#8220;Ciudad de los Ni\u00f1os&#8221;<\/strong>, es decir, que los ni\u00f1os y ni\u00f1as puedan vivir la ciudad con la mayor libertad posible: salir de casa sin compa\u00f1\u00eda, reunirse con amigos y jugar en los espacios p\u00fablicos de la ciudad.<\/p>\n<p>Pero, \u00bfpor qu\u00e9 es tan importante devolver al ni\u00f1o la capacidad de moverse de forma independiente?<\/p>\n<p>En primer lugar, por los efectos sobre su salud f\u00edsica y psicol\u00f3gica: un estilo de vida activo ayuda a prevenir el sobrepeso y la obesidad, contribuye al desarrollo saludable del sistema musculoesquel\u00e9tico y del sistema cardiovascular y reduce la probabilidad de desarrollar determinadas enfermedades graves (diabetes de tipo II, c\u00e1ncer de colon, infarto de miocardio y osteoporosis). Adem\u00e1s, la oportunidad de experimentar la autonom\u00eda en el espacio p\u00fablico repercute en unas relaciones de vecindad m\u00e1s s\u00f3lidas, en un mayor sentido de comunidad y en el desarrollo de las capacidades de desarrollo.<\/p>\n<p>La principal raz\u00f3n que impide a los ni\u00f1os salir de casa es <strong>el peligro de la carretera<\/strong>. El miedo al tr\u00e1fico y a los accidentes de coche se cita como la principal causa que obstaculiza la concesi\u00f3n de autonom\u00eda, pero lo que m\u00e1s ha influido en el colapso de la movilidad aut\u00f3noma son los temores sociales y <strong>la interpretaci\u00f3n del papel parental<\/strong>.<\/p>\n<p>Los padres de hoy en d\u00eda consideran que es su deber acompa\u00f1ar siempre a sus hijos, vigilarlos y protegerlos, incluso a costa de una onerosa organizaci\u00f3n familiar, lo que expone a los padres a peligrosos errores educativos y a los ni\u00f1os a arriesgadas deficiencias de desarrollo; al no tener la oportunidad de experimentar una autonom\u00eda real, los ni\u00f1os no adquieren las normas relacionales y las herramientas cognitivas que les permiten gestionar las relaciones con sus iguales y afrontar situaciones reales.<\/p>\n<p>Negar a los ni\u00f1os y a las ni\u00f1as la autonom\u00eda no es solo un da\u00f1o para su <strong>formaci\u00f3n<\/strong> sino tambi\u00e9n un <strong>da\u00f1o social<\/strong>: la presencia de ni\u00f1os en las calles hace que est\u00e9n m\u00e1s frecuentadas, aumenta el control social y aumenta la seguridad.<\/p>\n<h3>\n\t\t\tHe aqu\u00ed 10 razones para promover la autonom\u00eda de movimiento de los ni\u00f1os y de las ni\u00f1as:\t<\/h3>\n\t<ol>\n<li>Los ni\u00f1os y las ni\u00f1as que se desplazan solos a pie est\u00e1n generalmente <strong>m\u00e1s sanos<\/strong> desde el punto de vista f\u00edsico porque hacen ejercicio.<\/li>\n<li>Los ni\u00f1os y las ni\u00f1as que van al colegio solos andando muestran una <strong>capacidad mayor de concentraci\u00f3n<\/strong> durante las clases. <\/li>\n<li>Los ni\u00f1os y las ni\u00f1as que se desplazan solos a pie desarrollan un <strong>mayor conocimiento del ambiente<\/strong>, una mayor capacidad de orientaci\u00f3n y una mayor capacidad de sistematizaci\u00f3n de los conocimientos (mapas conceptuales).<\/li>\n<li>Los ni\u00f1os y las ni\u00f1as que se desplazan solos a pie desarrollan en <strong>mayor grado la sociabilidad<\/strong> y reducen el riesgo de soledad y aislamiento.<\/li>\n<li>Los ni\u00f1os y las ni\u00f1as que se desplazan solos a pie adquieren una <strong>mayor capacidad de resoluci\u00f3n de problemas<\/strong> (problem solving), de &#8220;arregl\u00e1rselas&#8221; en situaciones de dificultad o incertidumbre.<\/li>\n<li>Los ni\u00f1os y las ni\u00f1as que se desplazan solos a pie adquieren un mayor <strong>sentido de responsabilidad<\/strong> y de seguridad porque gozan de la confianza de los que est\u00e1n a su alrededor.<\/li>\n<li>Los ni\u00f1os y las ni\u00f1as que pueden pasar su tiempo libre jugando de manera aut\u00f3noma con sus amigos y amigas desarrollan una <strong>mayor capacidad de organizaci\u00f3n aut\u00f3noma<\/strong>, <strong>mayor creatividad<\/strong> y mayor capacidad para pensar y realizar proyectos.<\/li>\n<li>La disminuci\u00f3n de los acompa\u00f1amientos de ni\u00f1os y ni\u00f1as en coche comporta la <strong>disminuci\u00f3n general del tr\u00e1fico de veh\u00edculos<\/strong>, de los accidentes de tr\u00e1fico, en particular en los alrededores de las escuelas y de la <strong>contaminaci\u00f3n atmosf\u00e9rica<\/strong>. <\/li>\n<li>Las calles frecuentadas por ni\u00f1os y ni\u00f1as que se desplazan a pie se convierten en <strong>calles m\u00e1s seguras y agradables<\/strong>. Con el aumento de los peatones aumenta la percepci\u00f3n de seguridad, la solidaridad social y disminuye el riesgo de tener encuentros desagradables.<\/li>\n<li>Los padres y los dem\u00e1s adultos de referencia normalmente utilizan buena parte del d\u00eda para acompa\u00f1ar\/ recoger \/ esperar a los ni\u00f1os y a las ni\u00f1as durante sus actividades. <strong>Tiempo<\/strong> que, en cambio, podr\u00eda ser empleado de forma m\u00e1s provechosa para <strong>transcurrir juntos momentos de calidad<\/strong>.<\/li>\n<\/ol>\n<h3>\n\t\t\tEn concreto\t<\/h3>\n\t<p>El Laboratorio Internacional &#8220;La ciudad de los ni\u00f1os&#8221; propone algunas acciones para cambiar la ciudad:<\/p>\n<p>\u2192 <a href=\"https:\/\/lacittadeibambini.eu\/wp-content\/uploads\/2018\/02\/A-scuola-ci-andiamo-da-soli-2.pdf\"><strong>A la escuela vamos solos! (en italiano)\u00a0<\/strong><\/a><\/p>\n<p>\u2192 <a href=\"https:\/\/lacittadeibambini.eu\/es\/los-peatones-primero\/\"><strong>\u00a1Los peatones primero!<\/strong><\/a><\/p>\n<h4><strong>Cuestionarios para medir la autonom\u00eda de viaje de los ni\u00f1os<\/strong><\/h4>\nPara medir el nivel de autonom\u00eda de viaje de los ni\u00f1os, antes del inicio de la experiencia &#8220;Vamos solos al colegio&#8221;, nuestro grupo de investigaci\u00f3n desarroll\u00f3 un cuestionario que investiga el nivel de movilidad aut\u00f3noma tanto durante el hogar &#8211; escuela como en cursos extraescolares.<br \/>\nEl cuestionario que se administrar\u00e1 al inicio de la experiencia se denomina <strong>Cuestionario Pre Test<\/strong> y est\u00e1 dirigido a los ni\u00f1os y sus respectivos padres. Al final del primer a\u00f1o de experimentaci\u00f3n y al final de cada uno de los a\u00f1os siguientes, se administra un <strong>Cuestionario Post Test (nuevamente para ni\u00f1os y padres)<\/strong>, que medir\u00e1 el progreso de la autonom\u00eda de viaje y la efectividad de la experiencia propuesta.<br \/>\nLas ciudades que inicien la experiencia &#8220;Vamos solos al colegio&#8221; pueden solicitar los cuestionarios escribiendo un correo electr\u00f3nico a<a href=\"mailto:citta.bambini@istc.cnr.it\" target=\"_blank\" rel=\"noopener\"> citta.bambini@istc.cnr.it<\/a>\u00a0o rellenando el formulario de la secci\u00f3n de <strong><a href=\"https:\/\/lacittadeibambini.eu\/es\/contactos\/\" target=\"_blank\" rel=\"noopener\">contacto<\/a><\/strong>.\n<p>Tambi\u00e9n est\u00e1n disponibles las instrucciones para la correcta administraci\u00f3n y cumplimentaci\u00f3n de los cuestionarios.<\/p>\n<p>&nbsp;<\/p>\n<h3>\n\t\t\tPerspectivas\t<\/h3>\n\t<p>\u2192 <strong><a href=\"http:\/\/www.who.int\/mediacentre\/factsheets\/fs358\/en\/\" target=\"_blank\" rel=\"noopener\">Datos OMS (en ingl\u00e9s)<\/a><\/strong><\/p>\n<p>\u2192<strong><a href=\"https:\/\/editoriallosada.com\/libro\/a-la-escuela-vamos-solos\/\"> Manual &#8220;A la escuela vamos solos&#8221;<\/a><\/strong><\/p>\n<p>\u2192 <strong><a href=\"https:\/\/lacittadeibambini.eu\/wp-content\/uploads\/2018\/02\/Manuale-Prima-i-pedoni.pdf\" target=\"_blank\" rel=\"noopener\">Manual &#8220;\u00a1Los peatones primero!&#8221; (en italiano)<\/a><\/strong><\/p>\n<p>\u2192 <strong><a href=\"https:\/\/www.cnr.it\/it\/evento\/14298\/autonomia-e-salute-l-autonomia-di-movimento-delle-bambine-e-dei-bambini-una-necessita-per-loro-una-risorsa-per-la-scuola-e-per-la-citta\">Congreso: Autonom\u00eda y salud (en italiano)<\/a><\/strong><\/p>\n<h3>\n\t\t\tArt\u00edculos relacionados al tema de la Autonom\u00eda\t<\/h3>\n\t\t\t<a href=\"https:\/\/lacittadeibambini.eu\/es\/category\/autonomia-es\/\" target=\"_self\" rel=\"noopener\">\n\t\t\t\t\t\t\tArchivo de todos los art\u00edculos sobre el tema de la Autonom\u00eda\n\t\t\t\t\t<\/a>\n\n","protected":false},"excerpt":{"rendered":"<p>La autonom\u00eda de movimiento: una necesidad para los ni\u00f1os y un recurso para las ciudades La autonom\u00eda de movimientos es uno de los principales objetivos&hellip;<\/p>\n","protected":false},"author":3,"featured_media":0,"parent":0,"menu_order":0,"comment_status":"closed","ping_status":"closed","template":"","meta":{"spay_email":"","footnotes":""},"class_list":["post-867","page","type-page","status-publish","hentry"],"jetpack_sharing_enabled":true,"jetpack_shortlink":"https:\/\/wp.me\/P9FMIQ-dZ","_links":{"self":[{"href":"https:\/\/lacittadeibambini.eu\/es\/wp-json\/wp\/v2\/pages\/867","targetHints":{"allow":["GET"]}}],"collection":[{"href":"https:\/\/lacittadeibambini.eu\/es\/wp-json\/wp\/v2\/pages"}],"about":[{"href":"https:\/\/lacittadeibambini.eu\/es\/wp-json\/wp\/v2\/types\/page"}],"author":[{"embeddable":true,"href":"https:\/\/lacittadeibambini.eu\/es\/wp-json\/wp\/v2\/users\/3"}],"replies":[{"embeddable":true,"href":"https:\/\/lacittadeibambini.eu\/es\/wp-json\/wp\/v2\/comments?post=867"}],"version-history":[{"count":20,"href":"https:\/\/lacittadeibambini.eu\/es\/wp-json\/wp\/v2\/pages\/867\/revisions"}],"predecessor-version":[{"id":5698,"href":"https:\/\/lacittadeibambini.eu\/es\/wp-json\/wp\/v2\/pages\/867\/revisions\/5698"}],"wp:attachment":[{"href":"https:\/\/lacittadeibambini.eu\/es\/wp-json\/wp\/v2\/media?parent=867"}],"curies":[{"name":"wp","href":"https:\/\/api.w.org\/{rel}","templated":true}]}}