{"id":87,"date":"2017-10-24T08:12:44","date_gmt":"2017-10-24T08:12:44","guid":{"rendered":"http:\/\/www.lacittadeibambini.org\/?page_id=87"},"modified":"2025-03-06T16:40:29","modified_gmt":"2025-03-06T16:40:29","slug":"aderire-alla-rete-internazionale","status":"publish","type":"page","link":"https:\/\/lacittadeibambini.eu\/es\/aderire-alla-rete-internazionale\/","title":{"rendered":"Aderire alla Rete Internazionale"},"content":{"rendered":"\n<h2>\n\t\t1. L&#8217;adesione al progetto\n\t<\/h2>\n\t<p>L&#8217;adesione al progetto avviene attraverso la sottoscrizione di una\u00a0 <a href=\"https:\/\/lacittadeibambini.eu\/wp-content\/uploads\/2018\/04\/Scheda-adesione-rete-versione-italiana.pdf\">Scheda adesione<\/a>, da parte del Sindaco, l&#8217;adesione \u00e8 poi formalizzata da una <a href=\"https:\/\/lacittadeibambini.eu\/wp-content\/uploads\/2018\/04\/Esempio-di-Delibera-di-Giunta.pdf\">Delibera di Giunta<\/a><a href=\"https:\/\/lacittadeibambini.eu\/wp-content\/uploads\/2018\/02\/Esempio-di-Delibera-di-Giunta.pdf\">\u00a0<\/a>e\/o di Consiglio comunale, questo perch\u00e9 il progetto \u00e8 trasversale e coinvolge tutti i settori dell&#8217;amministrazione. \u00c8 importante che sia chiaro fin dall&#8217;inizio che il progetto non riguarda solo i bambini, i loro problemi e i loro servizi, ma l&#8217;intera citt\u00e0 e quindi tutti gli assessorati e i settori amministrativi.<\/p>\n<h2>\n\t\t2. Il Laboratorio &#8220;La citt\u00e0 dei bambini&#8221;\n\t<\/h2>\n\tAlle citt\u00e0 che aderiscono si suggerisce di aprire un Laboratorio &#8220;La citt\u00e0 dei bambini&#8221;.<br \/>\nIl Laboratorio \u00e8 innanzitutto il gruppo di lavoro, scelto dal sindaco,\u00a0 per gestire il progetto a livello locale e per mediare i rapporti tra l&#8217;amministrazione e\u00a0 i bambini , e infine per creare e mantenere la rete di relazioni che coinvolge i vari attori sociali implicati nel progetto, che \u00e8 necessaria per la buona riuscita del progetto stesso.\u00a0 Il Laboratorio tiene anche i rapporti con il coordinamento nazionale e internazionale del progetto. Il Laboratorio \u00e8 anche il\u00a0 luogo dove il gruppo di lavoro opera;\u00a0 dove si riunisce il Consiglio dei bambini e dove si sperimentano\u00a0 nuove forme di rapporto con i bambini, che sono chiamati dal Sindaco a dare il loro contributo al governo e alla progettazione della citt\u00e0; \u00e8 il luogo dove si incontrano gli adulti (insegnanti, tecnici comunali, rappresentanti delle associazioni, ecc.), a vario titolo impegnati nelle diverse attivit\u00e0, che coinvolgono i bambini); \u00e8 il luogo dove si raccolgono i materiali che documentano le attivit\u00e0 svolte.\n<h3>\n\t\tConcretamente\n\t<\/h3>\n\t<p>\u2192 Scheda di adesione alla rete internazionale<\/p>\n<ol>\n<li><a href=\"https:\/\/lacittadeibambini.eu\/wp-content\/uploads\/2025\/03\/Scheda-adesione-rete-versione-italiana.pdf\">Scheda adesione rete (versione italiana)<\/a><\/li>\n<li><a href=\"https:\/\/lacittadeibambini.eu\/wp-content\/uploads\/2025\/03\/Scheda-adesione-rete-versione_spagnola.pdf\" target=\"_blank\" rel=\"noopener\">Scheda adesione rete (versione spagnola)<\/a><\/li>\n<\/ol>\n\n\n","protected":false},"excerpt":{"rendered":"<p>1. L&#8217;adesione al progetto L&#8217;adesione al progetto avviene attraverso la sottoscrizione di una\u00a0 Scheda adesione, da parte del Sindaco, l&#8217;adesione \u00e8 poi formalizzata da una&hellip;<\/p>\n","protected":false},"author":3,"featured_media":0,"parent":0,"menu_order":0,"comment_status":"closed","ping_status":"closed","template":"","meta":{"spay_email":"","footnotes":""},"class_list":["post-87","page","type-page","status-publish","hentry"],"jetpack_sharing_enabled":true,"jetpack_shortlink":"https:\/\/wp.me\/P9FMIQ-1p","_links":{"self":[{"href":"https:\/\/lacittadeibambini.eu\/es\/wp-json\/wp\/v2\/pages\/87","targetHints":{"allow":["GET"]}}],"collection":[{"href":"https:\/\/lacittadeibambini.eu\/es\/wp-json\/wp\/v2\/pages"}],"about":[{"href":"https:\/\/lacittadeibambini.eu\/es\/wp-json\/wp\/v2\/types\/page"}],"author":[{"embeddable":true,"href":"https:\/\/lacittadeibambini.eu\/es\/wp-json\/wp\/v2\/users\/3"}],"replies":[{"embeddable":true,"href":"https:\/\/lacittadeibambini.eu\/es\/wp-json\/wp\/v2\/comments?post=87"}],"version-history":[{"count":7,"href":"https:\/\/lacittadeibambini.eu\/es\/wp-json\/wp\/v2\/pages\/87\/revisions"}],"predecessor-version":[{"id":5257,"href":"https:\/\/lacittadeibambini.eu\/es\/wp-json\/wp\/v2\/pages\/87\/revisions\/5257"}],"wp:attachment":[{"href":"https:\/\/lacittadeibambini.eu\/es\/wp-json\/wp\/v2\/media?parent=87"}],"curies":[{"name":"wp","href":"https:\/\/api.w.org\/{rel}","templated":true}]}}