{"id":872,"date":"2018-03-06T15:25:11","date_gmt":"2018-03-06T15:25:11","guid":{"rendered":"https:\/\/www.lacittadeibambini.org\/partecipazione\/"},"modified":"2025-10-07T02:36:40","modified_gmt":"2025-10-07T02:36:40","slug":"participacion","status":"publish","type":"page","link":"https:\/\/lacittadeibambini.eu\/es\/participacion\/","title":{"rendered":"Participaci\u00f3n"},"content":{"rendered":"\n<h1>\n\t\t\tLa participaci\u00f3n\t<\/h1>\n\t<p>\u00bfPor qu\u00e9 dejar participar a los ni\u00f1os? Hay muchos efectos positivos de la <strong>participaci\u00f3n de ni\u00f1os y ni\u00f1as<\/strong> en la gobernanza y planificaci\u00f3n de las ciudades. Participar da la oportunidad de convertirse en <strong>sujetos activos<\/strong>, expresando directamente necesidades y deseos. Roger Hart, experto en derechos de la infancia, en su obra <em><strong><a href=\"https:\/\/lacittadeibambini.eu\/wp-content\/uploads\/2024\/07\/HART-Roger.-childrens_participation.pdf\" target=\"_blank\" rel=\"noopener\">Children&#8217;s Participation<\/a><\/strong><\/em>\u00a0habla de c\u00f3mo la participaci\u00f3n en la vida de la ciudad es un <strong>momento educativo<\/strong> fundamental para los ni\u00f1os.<\/p>\n<p>Pero la participaci\u00f3n de los ni\u00f1os es tambi\u00e9n una lecci\u00f3n para los <strong>adultos<\/strong>, quienes escuchando las opiniones de los m\u00e1s peque\u00f1os pueden aprender a considerarlos ya no &#8220;ciudadanos del futuro&#8221;, sino <strong>sujetos pol\u00edticos del presente<\/strong>, capaces de influir y mejorar la situaci\u00f3n. realidad que nos rodea.<\/p>\n<h2>\n\t\t\tEl punto de vista de los ni\u00f1os\t<\/h2>\n\t<p>Los ni\u00f1os y ni\u00f1as, al ser interrogados, expresan un punto de vista diferente al de los adultos sobre cu\u00e1l debe ser el lugar donde vivimos. Es precisamente esta mirada diferente la clave para &#8220;salvar&#8221; nuestras ciudades, pero se necesitan algunas <strong>acciones concretas<\/strong>:<\/p>\n<ul>\n<li><strong>Implicar <em>realmente<\/em><\/strong>: para que sea efectiva, la participaci\u00f3n debe ser real, con <strong>objetivos espec\u00edficos<\/strong> definidos junto con los ni\u00f1os al inicio del proceso participativo.<\/li>\n<li><strong>Pretender conseguir algo<\/strong>: las necesidades expresadas por los ni\u00f1os deben situarse en el &#8220;<strong>aqu\u00ed y ahora<\/strong>&#8220;, asumiendo compromisos reales como renovar un espacio p\u00fablico o intentar solucionar los problemas de movilidad peatonal en un \u00e1rea concreta.<\/li>\n<li><strong>Aprender a escuchar<\/strong>: los adultos que participan en el proceso d<strong>eben tener un papel lo m\u00e1s de apoyo posible y no de gu\u00eda<\/strong>, haciendo que los ni\u00f1os sean aut\u00f3nomos en todas las fases del proceso.<\/li>\n<\/ul>\n<p>\u00bfCu\u00e1l es entonces el <strong>valor concreto<\/strong> de este proyecto? A continuaci\u00f3n te presentamos 3 buenas razones para fomentar la participaci\u00f3n de ni\u00f1os y ni\u00f1as en la vida de la ciudad.<\/p>\n<p><em><strong>Educaci\u00f3n<\/strong><\/em><\/p>\n<p>Participar tiene un fuerte valor educativo porque te convierte a uno en <strong>parte de una comunidad<\/strong>, con la que los ni\u00f1os pueden compartir responsabilidades y derechos. Y as\u00ed la ciudad se convierte en &#8220;su&#8221; ciudad, gracias al desarrollo de un fuerte <strong>sentido c\u00edvico<\/strong> desde los primeros a\u00f1os de escuela. No faltan las <strong>repercusiones sociales<\/strong> de este proceso educativo: a trav\u00e9s de los ni\u00f1os y las ni\u00f1as, la implicaci\u00f3n llega a las <strong>familias<\/strong>, que adoptar\u00e1n nuevas actitudes para apoyar a sus hijos e hijas.<\/p>\n<p><em><strong>Democracia<\/strong><\/em><\/p>\n<p>La participaci\u00f3n de los ni\u00f1os es una condici\u00f3n necesaria para una planificaci\u00f3n m\u00e1s democr\u00e1tica, porque es m\u00e1s amplia y completa. La principal motivaci\u00f3n para implicar a los m\u00e1s peque\u00f1os est\u00e1 ligada a la aportaci\u00f3n que los ni\u00f1os pueden hacer a la ciudad. Una de las limitaciones m\u00e1s serias en el desarrollo reciente de las ciudades es que se produjo teniendo en cuenta casi exclusivamente las necesidades del ciudadano adulto y productivo. Sin embargo, se dedic\u00f3 poco inter\u00e9s a los<strong> espacios p\u00fablicos de reuni\u00f3n y juego<\/strong> y a la <strong>movilidad peatonal dentro de los barrios<\/strong>. Implicar a los ni\u00f1os y a las ni\u00f1as significa invertir esta perspectiva, dando voz a quienes no han sido tenidos en cuenta en la planificaci\u00f3n de las ciudades, creyendo que representan las necesidades de otras categor\u00edas de ciudadanos: las personas mayores y las personas con discapacidad.<\/p>\n<p><em><strong>Creatividad<\/strong><\/em><\/p>\n<p>Para promover el desarrollo urbano se necesitan ideas creativas y los ni\u00f1os suelen ser los principales innovadores. Los peque\u00f1os, si se les escucha, no s\u00f3lo son capaces de expresar sus necesidades, sino tambi\u00e9n de desarrollar propuestas concretas sobre c\u00f3mo satisfacerlas. Sus ideas no siempre son factibles de inmediato, pero suelen ser creativas e innovadoras. Por eso, una ciudad que realmente quiera emprender un camino de cambio necesita la <strong>contribuci\u00f3n concreta de los ni\u00f1os<\/strong>.<\/p>\n\n<h3>\n\t\t\tEn concreto\t<\/h3>\n\t<p>\u2192\u00a0<strong><a href=\"https:\/\/lacittadeibambini.eu\/wp-content\/uploads\/2018\/06\/El-Consejo-de-los-ninos.pdf\" target=\"_blank\" rel=\"attachment noopener wp-att-648\">El Consejo de los ni\u00f1os<\/a><\/strong><\/p>\n<p>\u2192<strong><a href=\"https:\/\/lacittadeibambini.eu\/wp-content\/uploads\/2025\/02\/Documento-de-Passignano.pdf\" target=\"_blank\" rel=\"noopener\">Documento de Passignano<\/a><\/strong><\/p>\n\n<h3>\n\t\t\tPerspectivas\t<\/h3>\n\t<p>\u2192\u00a0<strong><a href=\"https:\/\/lacittadeibambini.eu\/wp-content\/uploads\/2018\/02\/Hart-Scala-Partecipazione.pdf\" target=\"_blank\" rel=\"noopener\">Escala sobre la Participaci\u00f3n de Roger Hart (en italiano)<\/a><\/strong><\/p>\n<p>\u2192\u00a0<a href=\"https:\/\/editoriallosada.com\/libro\/el-consejo-de-los-ninos\/\" target=\"_blank\" rel=\"noopener\"><strong>Manual metodol\u00f3gico <\/strong><strong>El Consejo de los ni\u00f1os<\/strong><\/a><\/p>\n<p>\u2192 <a href=\"https:\/\/editoriallosada.com\/libro\/manual-de-planeamiento-participativo\/\" target=\"_blank\" rel=\"noopener\"><strong>Manual de planeamiento participativo. <\/strong><strong>El planeamiento con participaci\u00f3n de las ni\u00f1as y los ni\u00f1os<\/strong><\/a><\/p>\n<p>\u2192\u00a0<a href=\"https:\/\/lacittadeibambini.eu\/wp-content\/uploads\/2020\/07\/The_Participation_of_Children_and_Young_People_in_Emergencies.pdf\"><strong>The Participation of Children and Young People in Emergencies<\/strong><\/a>\u00a0<\/p>\n<p>&nbsp;<\/p>\n<h3>\n\t\t\tArt\u00edculos relacionados al tema de la Participaci\u00f3n\t<\/h3>\n\t\t\t<a href=\"https:\/\/lacittadeibambini.eu\/es\/category\/participacion\/\" target=\"_self\" rel=\"noopener\">\n\t\t\t\t\t\t\tArchivo de todos los art\u00edculos sobre el tema de la participaci\u00f3n\n\t\t\t\t\t<\/a>\n\n","protected":false},"excerpt":{"rendered":"<p>La participaci\u00f3n \u00bfPor qu\u00e9 dejar participar a los ni\u00f1os? Hay muchos efectos positivos de la participaci\u00f3n de ni\u00f1os y ni\u00f1as en la gobernanza y planificaci\u00f3n&hellip;<\/p>\n","protected":false},"author":3,"featured_media":0,"parent":0,"menu_order":0,"comment_status":"closed","ping_status":"closed","template":"","meta":{"spay_email":"","footnotes":""},"class_list":["post-872","page","type-page","status-publish","hentry"],"jetpack_sharing_enabled":true,"jetpack_shortlink":"https:\/\/wp.me\/P9FMIQ-e4","_links":{"self":[{"href":"https:\/\/lacittadeibambini.eu\/es\/wp-json\/wp\/v2\/pages\/872","targetHints":{"allow":["GET"]}}],"collection":[{"href":"https:\/\/lacittadeibambini.eu\/es\/wp-json\/wp\/v2\/pages"}],"about":[{"href":"https:\/\/lacittadeibambini.eu\/es\/wp-json\/wp\/v2\/types\/page"}],"author":[{"embeddable":true,"href":"https:\/\/lacittadeibambini.eu\/es\/wp-json\/wp\/v2\/users\/3"}],"replies":[{"embeddable":true,"href":"https:\/\/lacittadeibambini.eu\/es\/wp-json\/wp\/v2\/comments?post=872"}],"version-history":[{"count":21,"href":"https:\/\/lacittadeibambini.eu\/es\/wp-json\/wp\/v2\/pages\/872\/revisions"}],"predecessor-version":[{"id":5695,"href":"https:\/\/lacittadeibambini.eu\/es\/wp-json\/wp\/v2\/pages\/872\/revisions\/5695"}],"wp:attachment":[{"href":"https:\/\/lacittadeibambini.eu\/es\/wp-json\/wp\/v2\/media?parent=872"}],"curies":[{"name":"wp","href":"https:\/\/api.w.org\/{rel}","templated":true}]}}